{"id":44822,"date":"2022-05-03T10:08:39","date_gmt":"2022-05-03T10:08:39","guid":{"rendered":"https:\/\/travelsafe.nl\/assortiment\/uncategorized\/travelsafe-sting-kit-de-picadura-y-mordedura\/"},"modified":"2023-06-13T15:04:57","modified_gmt":"2023-06-13T15:04:57","slug":"sting-bite-kit","status":"publish","type":"product","link":"https:\/\/travelsafe.nl\/es\/assortiment\/1-kit-de-primeros-auxilios\/kit-basico\/sting-bite-kit\/","title":{"rendered":"Sting &#038; Bite Kit"},"content":{"rendered":"<p>Si por circunstancias no puede acceder de inmediato a una atenci\u00f3n m\u00e9dica adecuada, esto puede llevar a situaciones peligrosas. Por lo tanto, es importante asegurarse de tener buenos suministros a mano. Para cada destino de viaje o actividad, se ha desarrollado un kit de primeros auxilios compacto y f\u00e1cil de usar, completo con certificado m\u00e9dico cuando sea necesario. Si viaja a un pa\u00eds sin riesgo de hepatitis B\/VIH, especialmente los pa\u00edses de Europa, ser\u00e1 suficiente un kit de primeros auxilios est\u00e1ndar (azul-rojo). Se recomienda encarecidamente llevar un kit est\u00e9ril (naranja-amarillo fluorescente) si visita pa\u00edses con riesgo de hepatitis B\/VIH, como \u00c1frica, Am\u00e9rica del Sur y Asia, es decir, las regiones (sub)tropicales.<\/p>\n<p>Dimensiones: 8,5 x 9 x 3,5 cm<br \/>\nPeso: 100 g<br \/>\nMaterial: Poli\u00e9ster<br \/>\nArt\u00edculos: 11<\/p>\n<p>Contenido:<br \/>\n1 extractor con 1 boquilla de succi\u00f3n.<br \/>\n1 loci\u00f3n TravelSafe para alivio de picaduras.<br \/>\n4 ap\u00f3sitos impermeables.<br \/>\n4 toallitas de alcohol.<br \/>\nPr\u00e1ctica bolsa de almacenamiento.<\/p>\n","protected":false},"excerpt":{"rendered":"<p>Si por circunstancias no puede acceder de inmediato a una atenci\u00f3n m\u00e9dica adecuada, esto puede llevar a situaciones peligrosas. Por lo tanto,&hellip;<\/p>\n","protected":false},"featured_media":38566,"template":"","meta":{"_acf_changed":false},"product_brand":[],"product_cat":[2912,2913],"product_tag":[],"class_list":{"0":"post-44822","1":"product","2":"type-product","3":"status-publish","4":"has-post-thumbnail","6":"product_cat-1-kit-de-primeros-auxilios","7":"product_cat-kit-basico","9":"first","10":"instock","11":"purchasable","12":"product-type-simple"},"acf":[],"_links":{"self":[{"href":"https:\/\/travelsafe.nl\/es\/wp-json\/wp\/v2\/product\/44822","targetHints":{"allow":["GET"]}}],"collection":[{"href":"https:\/\/travelsafe.nl\/es\/wp-json\/wp\/v2\/product"}],"about":[{"href":"https:\/\/travelsafe.nl\/es\/wp-json\/wp\/v2\/types\/product"}],"wp:featuredmedia":[{"embeddable":true,"href":"https:\/\/travelsafe.nl\/es\/wp-json\/wp\/v2\/media\/38566"}],"wp:attachment":[{"href":"https:\/\/travelsafe.nl\/es\/wp-json\/wp\/v2\/media?parent=44822"}],"wp:term":[{"taxonomy":"product_brand","embeddable":true,"href":"https:\/\/travelsafe.nl\/es\/wp-json\/wp\/v2\/product_brand?post=44822"},{"taxonomy":"product_cat","embeddable":true,"href":"https:\/\/travelsafe.nl\/es\/wp-json\/wp\/v2\/product_cat?post=44822"},{"taxonomy":"product_tag","embeddable":true,"href":"https:\/\/travelsafe.nl\/es\/wp-json\/wp\/v2\/product_tag?post=44822"}],"curies":[{"name":"wp","href":"https:\/\/api.w.org\/{rel}","templated":true}]}}