{"id":44825,"date":"2019-06-10T23:04:05","date_gmt":"2019-06-10T23:04:05","guid":{"rendered":"https:\/\/travelsafe.nl\/assortiment\/uncategorized\/bolsa-de-primeros-auxilios-grande-sin-contenido\/"},"modified":"2023-05-23T13:29:13","modified_gmt":"2023-05-23T13:29:13","slug":"first-aid-bag-rugzak-large-zonder-inhoud","status":"publish","type":"product","link":"https:\/\/travelsafe.nl\/es\/assortiment\/1-kit-de-primeros-auxilios\/otros-articulos-de-primeros-auxilios\/bolsas-de-primeros-auxilios-sin-contenido\/first-aid-bag-rugzak-large-zonder-inhoud\/","title":{"rendered":"Mochila Botiqu\u00edn Primeros Auxilios &#8211; Grande &#8211; Sin contenido"},"content":{"rendered":"<p>La Emergency Bag L es una mochila con compartimentos espaciosos para que todos los art\u00edculos m\u00e9dicos se puedan empacar de forma clara. La bolsa de emergencia es f\u00e1cil de colocar en cualquier mochila o bolso. Para este prop\u00f3sito, se han aplicado velcros y hebillas especiales en la parte posterior, y en caso de emergencia, la bolsa se puede quitar en un abrir y cerrar de ojos. Hecho para aquellos que prefieren armar su propio conjunto. Contenido exclusivo.<\/p>\n<p>Dimensiones: 38 x 30 x 10 cm<br \/>\nPeso:\u00a0\u00a0\u00a0\u00a0\u00a0\u00a0\u00a0 580g<br \/>\nMaterial: Poli\u00e9ster<br \/>\nColor rojo<\/p>\n","protected":false},"excerpt":{"rendered":"<p>La Emergency Bag L es una mochila con compartimentos espaciosos para que todos los art\u00edculos m\u00e9dicos se puedan empacar de forma clara.&hellip;<\/p>\n","protected":false},"featured_media":44158,"template":"","meta":{"_acf_changed":false},"product_brand":[],"product_cat":[2912,2926],"product_tag":[],"class_list":{"0":"post-44825","1":"product","2":"type-product","3":"status-publish","4":"has-post-thumbnail","6":"product_cat-1-kit-de-primeros-auxilios","7":"product_cat-bolsas-de-primeros-auxilios-sin-contenido","9":"first","10":"instock","11":"purchasable","12":"product-type-simple"},"acf":[],"_links":{"self":[{"href":"https:\/\/travelsafe.nl\/es\/wp-json\/wp\/v2\/product\/44825","targetHints":{"allow":["GET"]}}],"collection":[{"href":"https:\/\/travelsafe.nl\/es\/wp-json\/wp\/v2\/product"}],"about":[{"href":"https:\/\/travelsafe.nl\/es\/wp-json\/wp\/v2\/types\/product"}],"wp:featuredmedia":[{"embeddable":true,"href":"https:\/\/travelsafe.nl\/es\/wp-json\/wp\/v2\/media\/44158"}],"wp:attachment":[{"href":"https:\/\/travelsafe.nl\/es\/wp-json\/wp\/v2\/media?parent=44825"}],"wp:term":[{"taxonomy":"product_brand","embeddable":true,"href":"https:\/\/travelsafe.nl\/es\/wp-json\/wp\/v2\/product_brand?post=44825"},{"taxonomy":"product_cat","embeddable":true,"href":"https:\/\/travelsafe.nl\/es\/wp-json\/wp\/v2\/product_cat?post=44825"},{"taxonomy":"product_tag","embeddable":true,"href":"https:\/\/travelsafe.nl\/es\/wp-json\/wp\/v2\/product_tag?post=44825"}],"curies":[{"name":"wp","href":"https:\/\/api.w.org\/{rel}","templated":true}]}}