{"id":44828,"date":"2019-06-10T22:58:42","date_gmt":"2019-06-10T22:58:42","guid":{"rendered":"https:\/\/travelsafe.nl\/assortiment\/uncategorized\/kit-de-emergencia-globe-combi\/"},"modified":"2023-05-23T13:26:13","modified_gmt":"2023-05-23T13:26:13","slug":"globe-emergency-combi","status":"publish","type":"product","link":"https:\/\/travelsafe.nl\/es\/assortiment\/1-kit-de-primeros-auxilios\/kit-esteril\/globe-emergency-combi\/","title":{"rendered":"Globe Combi Emergencia"},"content":{"rendered":"<p>El kit de emergencia Globe Combi es indispensable durante una estad\u00eda prolongada en pa\u00edses con mayor riesgo de Hepatitis B\/VIH, cuando se viaja en condiciones primitivas o en viajes indefinidos a la jungla. El botiqu\u00edn consta de elementos est\u00e1ndar de primeros auxilios como diferentes tipos de vendajes, esparadrapos, tijeras, lancetas de sangre, etc. y se complementa con elementos est\u00e9riles como jeringas y agujas que son esenciales durante los viajes de aventura en pa\u00edses con mayor riesgo para la salud.<\/p>\n<p>Los distintos compartimentos transparentes hacen que sea muy f\u00e1cil encontrar los art\u00edculos r\u00e1pidamente. La parte posterior tiene parches de sujeci\u00f3n reforzados para sujetar el kit a una mochila o cintur\u00f3n. para confirmar. Este kit tambi\u00e9n contiene una declaraci\u00f3n de un m\u00e9dico internacional y un folleto pr\u00e1ctico de consejos de primeros auxilios.<\/p>\n<p>Si, por las circunstancias, no tiene acceso inmediato a la asistencia m\u00e9dica adecuada, esto puede conducir a situaciones peligrosas. Por lo tanto, debe asegurarse de tener cosas buenas con usted. Se ha desarrollado un botiqu\u00edn de primeros auxilios compacto y f\u00e1cil de usar para cada destino de viaje o actividad, completo con una declaraci\u00f3n del m\u00e9dico cuando sea necesario. Se recomienda encarecidamente un kit est\u00e9ril (amarillo fl\u00faor\/naranja) si visita pa\u00edses con riesgo de hepatitis B\/VIH. Los ejemplos incluyen \u00c1frica, Am\u00e9rica del Sur y Asia, en resumen, los (sub) tr\u00f3picos.<\/p>\n<p>Dimensiones: 12 x 18 x 5 cm<br \/>\nPeso: 467g<br \/>\nMaterial:\u00a0poli\u00e9ster<br \/>\nArt\u00edculos: 69<\/p>\n","protected":false},"excerpt":{"rendered":"<p>El kit de emergencia Globe Combi es indispensable durante una estad\u00eda prolongada en pa\u00edses con mayor riesgo de Hepatitis B\/VIH, cuando se&hellip;<\/p>\n","protected":false},"featured_media":43741,"template":"","meta":{"_acf_changed":false},"product_brand":[],"product_cat":[2912,2914],"product_tag":[],"class_list":{"0":"post-44828","1":"product","2":"type-product","3":"status-publish","4":"has-post-thumbnail","6":"product_cat-1-kit-de-primeros-auxilios","7":"product_cat-kit-esteril","9":"first","10":"onbackorder","11":"purchasable","12":"product-type-simple"},"acf":[],"_links":{"self":[{"href":"https:\/\/travelsafe.nl\/es\/wp-json\/wp\/v2\/product\/44828","targetHints":{"allow":["GET"]}}],"collection":[{"href":"https:\/\/travelsafe.nl\/es\/wp-json\/wp\/v2\/product"}],"about":[{"href":"https:\/\/travelsafe.nl\/es\/wp-json\/wp\/v2\/types\/product"}],"wp:featuredmedia":[{"embeddable":true,"href":"https:\/\/travelsafe.nl\/es\/wp-json\/wp\/v2\/media\/43741"}],"wp:attachment":[{"href":"https:\/\/travelsafe.nl\/es\/wp-json\/wp\/v2\/media?parent=44828"}],"wp:term":[{"taxonomy":"product_brand","embeddable":true,"href":"https:\/\/travelsafe.nl\/es\/wp-json\/wp\/v2\/product_brand?post=44828"},{"taxonomy":"product_cat","embeddable":true,"href":"https:\/\/travelsafe.nl\/es\/wp-json\/wp\/v2\/product_cat?post=44828"},{"taxonomy":"product_tag","embeddable":true,"href":"https:\/\/travelsafe.nl\/es\/wp-json\/wp\/v2\/product_tag?post=44828"}],"curies":[{"name":"wp","href":"https:\/\/api.w.org\/{rel}","templated":true}]}}