{"id":44829,"date":"2020-03-23T10:21:09","date_gmt":"2020-03-23T10:21:09","guid":{"rendered":"https:\/\/travelsafe.nl\/assortiment\/uncategorized\/globe-sterile-botiquin-de-primeros-auxilios\/"},"modified":"2023-05-23T13:00:57","modified_gmt":"2023-05-23T13:00:57","slug":"globe-steriele-kit","status":"publish","type":"product","link":"https:\/\/travelsafe.nl\/es\/assortiment\/1-kit-de-primeros-auxilios\/kit-esteril\/globe-steriele-kit\/","title":{"rendered":"Globe Est\u00e9ril"},"content":{"rendered":"<p>El botiqu\u00edn est\u00e9ril Globe es adecuado como complemento de su botiqu\u00edn de primeros auxilios est\u00e1ndar y es indispensable si se aloja en pa\u00edses con un mayor riesgo de hepatitis B\/VIH, viaja en condiciones primitivas o practica el senderismo por la selva.<\/p>\n<p>El botiqu\u00edn incluye de serie art\u00edculos est\u00e9riles como jeringuillas, agujas y lancetas de sangre. Los compartimentos transparentes hacen que sea muy f\u00e1cil encontrar r\u00e1pidamente los art\u00edculos que se necesitan. La parte posterior del kit tiene parches de sujeci\u00f3n reforzados para que puedas sujetarlo f\u00e1cilmente a tu mochila o cintur\u00f3n. El botiqu\u00edn tambi\u00e9n incluye un certificado m\u00e9dico internacional.<\/p>\n<p>Si las circunstancias te impiden tener acceso inmediato a la ayuda m\u00e9dica adecuada, esto puede dar lugar a situaciones peligrosas. Por lo tanto, debes asegurarte de que llevas contigo el equipo adecuado. Se ha elaborado un botiqu\u00edn de primeros auxilios compacto y f\u00e1cil de usar para cada destino de viaje o actividad, que incluye un certificado m\u00e9dico cuando es necesario. Un botiqu\u00edn est\u00e9ril (amarillo fluorescente\/naranja) es absolutamente recomendable si visita pa\u00edses con riesgo de hepatitis B\/VIH. Entre ellos se incluyen \u00c1frica, Sudam\u00e9rica y Asia, en resumen, los (sub)tr\u00f3picos.<\/p>\n<p>Dimensiones: 12 x 15 x 5 cm<br \/>\nPeso: 140 g<br \/>\nMaterial: Poli\u00e9ster<br \/>\nArt\u00edculos: 21<\/p>\n","protected":false},"excerpt":{"rendered":"<p>El botiqu\u00edn est\u00e9ril Globe es adecuado como complemento de su botiqu\u00edn de primeros auxilios est\u00e1ndar y es indispensable si se aloja en&hellip;<\/p>\n","protected":false},"featured_media":44403,"template":"","meta":{"_acf_changed":false},"product_brand":[],"product_cat":[2912,2914],"product_tag":[],"class_list":{"0":"post-44829","1":"product","2":"type-product","3":"status-publish","4":"has-post-thumbnail","6":"product_cat-1-kit-de-primeros-auxilios","7":"product_cat-kit-esteril","9":"first","10":"instock","11":"shipping-taxable","12":"purchasable","13":"product-type-simple"},"acf":[],"_links":{"self":[{"href":"https:\/\/travelsafe.nl\/es\/wp-json\/wp\/v2\/product\/44829","targetHints":{"allow":["GET"]}}],"collection":[{"href":"https:\/\/travelsafe.nl\/es\/wp-json\/wp\/v2\/product"}],"about":[{"href":"https:\/\/travelsafe.nl\/es\/wp-json\/wp\/v2\/types\/product"}],"wp:featuredmedia":[{"embeddable":true,"href":"https:\/\/travelsafe.nl\/es\/wp-json\/wp\/v2\/media\/44403"}],"wp:attachment":[{"href":"https:\/\/travelsafe.nl\/es\/wp-json\/wp\/v2\/media?parent=44829"}],"wp:term":[{"taxonomy":"product_brand","embeddable":true,"href":"https:\/\/travelsafe.nl\/es\/wp-json\/wp\/v2\/product_brand?post=44829"},{"taxonomy":"product_cat","embeddable":true,"href":"https:\/\/travelsafe.nl\/es\/wp-json\/wp\/v2\/product_cat?post=44829"},{"taxonomy":"product_tag","embeddable":true,"href":"https:\/\/travelsafe.nl\/es\/wp-json\/wp\/v2\/product_tag?post=44829"}],"curies":[{"name":"wp","href":"https:\/\/api.w.org\/{rel}","templated":true}]}}