{"id":44836,"date":"2019-06-10T23:03:43","date_gmt":"2019-06-10T23:03:43","guid":{"rendered":"https:\/\/travelsafe.nl\/assortiment\/uncategorized\/termometro\/"},"modified":"2023-05-23T13:35:19","modified_gmt":"2023-05-23T13:35:19","slug":"thermometer","status":"publish","type":"product","link":"https:\/\/travelsafe.nl\/es\/assortiment\/1-kit-de-primeros-auxilios\/otros-articulos-de-primeros-auxilios\/articulos-de-primeros-auxilios\/thermometer\/","title":{"rendered":"Term\u00f3metro"},"content":{"rendered":"<p>Art\u00edculo importante para llevar porque la mayor\u00eda de las enfermedades comienzan con fiebre. Este term\u00f3metro es digital y no sensible a la temperatura y, por lo tanto, tambi\u00e9n se puede utilizar en condiciones de calor extremo.<\/p>\n<p>Peso: 24g con estuche \/ 11g sin estuche<br \/>\nMaterial: resistente al agua, precisi\u00f3n \u00b1 0,1 \u2103<\/p>\n","protected":false},"excerpt":{"rendered":"<p>Art\u00edculo importante para llevar porque la mayor\u00eda de las enfermedades comienzan con fiebre. Este term\u00f3metro es digital y no sensible a la&hellip;<\/p>\n","protected":false},"featured_media":44138,"template":"","meta":{"_acf_changed":false},"product_brand":[],"product_cat":[2912,2925],"product_tag":[],"class_list":{"0":"post-44836","1":"product","2":"type-product","3":"status-publish","4":"has-post-thumbnail","6":"product_cat-1-kit-de-primeros-auxilios","7":"product_cat-articulos-de-primeros-auxilios","9":"first","10":"instock","11":"purchasable","12":"product-type-simple"},"acf":[],"_links":{"self":[{"href":"https:\/\/travelsafe.nl\/es\/wp-json\/wp\/v2\/product\/44836","targetHints":{"allow":["GET"]}}],"collection":[{"href":"https:\/\/travelsafe.nl\/es\/wp-json\/wp\/v2\/product"}],"about":[{"href":"https:\/\/travelsafe.nl\/es\/wp-json\/wp\/v2\/types\/product"}],"wp:featuredmedia":[{"embeddable":true,"href":"https:\/\/travelsafe.nl\/es\/wp-json\/wp\/v2\/media\/44138"}],"wp:attachment":[{"href":"https:\/\/travelsafe.nl\/es\/wp-json\/wp\/v2\/media?parent=44836"}],"wp:term":[{"taxonomy":"product_brand","embeddable":true,"href":"https:\/\/travelsafe.nl\/es\/wp-json\/wp\/v2\/product_brand?post=44836"},{"taxonomy":"product_cat","embeddable":true,"href":"https:\/\/travelsafe.nl\/es\/wp-json\/wp\/v2\/product_cat?post=44836"},{"taxonomy":"product_tag","embeddable":true,"href":"https:\/\/travelsafe.nl\/es\/wp-json\/wp\/v2\/product_tag?post=44836"}],"curies":[{"name":"wp","href":"https:\/\/api.w.org\/{rel}","templated":true}]}}