{"id":44839,"date":"2019-06-10T22:31:53","date_gmt":"2019-06-10T22:31:53","guid":{"rendered":"https:\/\/travelsafe.nl\/assortiment\/uncategorized\/spray-anti-insectos-travelsafe-60ml\/"},"modified":"2023-05-16T15:15:43","modified_gmt":"2023-05-16T15:15:43","slug":"anti-insect-spray-60ml","status":"publish","type":"product","link":"https:\/\/travelsafe.nl\/es\/assortiment\/2-repelente-de-insectos\/repelente-de-insectos-es\/travelsafe-anti-insectos-a-base-de-citrodiol\/anti-insect-spray-60ml\/","title":{"rendered":"Spray Anti Insectos &#8211; 60ml"},"content":{"rendered":"<p>Un repelente de mosquitos responsable como alternativa al DEET. El Repelente TravelSafe est\u00e1 basado en Citriodiol\u00ae y ofrece hasta 6 horas de protecci\u00f3n contra mosquitos, garrapatas y mosquitos. El Spray tambi\u00e9n es adecuado para su uso durante el embarazo y la lactancia y para ni\u00f1os a partir de los 3 meses. Esta botella de 60 ml es suficiente para una persona durante 2 semanas de uso diario..<\/p>\n<p>Los insectos pueden transmitir diversas enfermedades. Estos incluyen malaria, dengue (fiebre del dengue) y fiebre amarilla. Es importante protegerse contra las picaduras de insectos, tanto de d\u00eda como de noche, utilizando un producto antimosquitos, ropa protectora y mosquitera.<\/p>\n<p>Contenido: 60ml<br \/>\nIngrediente: Citriodiol\u00ae<\/p>\n","protected":false},"excerpt":{"rendered":"<p>Un repelente de mosquitos responsable como alternativa al DEET. El Repelente TravelSafe est\u00e1 basado en Citriodiol\u00ae y ofrece hasta 6 horas de&hellip;<\/p>\n","protected":false},"featured_media":43152,"template":"","meta":{"_acf_changed":false},"product_brand":[],"product_cat":[2960,2961,2963],"product_tag":[],"class_list":{"0":"post-44839","1":"product","2":"type-product","3":"status-publish","4":"has-post-thumbnail","6":"product_cat-2-repelente-de-insectos","7":"product_cat-repelente-de-insectos-es","8":"product_cat-travelsafe-anti-insectos-a-base-de-citrodiol","10":"first","11":"instock","12":"purchasable","13":"product-type-simple"},"acf":[],"_links":{"self":[{"href":"https:\/\/travelsafe.nl\/es\/wp-json\/wp\/v2\/product\/44839","targetHints":{"allow":["GET"]}}],"collection":[{"href":"https:\/\/travelsafe.nl\/es\/wp-json\/wp\/v2\/product"}],"about":[{"href":"https:\/\/travelsafe.nl\/es\/wp-json\/wp\/v2\/types\/product"}],"wp:featuredmedia":[{"embeddable":true,"href":"https:\/\/travelsafe.nl\/es\/wp-json\/wp\/v2\/media\/43152"}],"wp:attachment":[{"href":"https:\/\/travelsafe.nl\/es\/wp-json\/wp\/v2\/media?parent=44839"}],"wp:term":[{"taxonomy":"product_brand","embeddable":true,"href":"https:\/\/travelsafe.nl\/es\/wp-json\/wp\/v2\/product_brand?post=44839"},{"taxonomy":"product_cat","embeddable":true,"href":"https:\/\/travelsafe.nl\/es\/wp-json\/wp\/v2\/product_cat?post=44839"},{"taxonomy":"product_tag","embeddable":true,"href":"https:\/\/travelsafe.nl\/es\/wp-json\/wp\/v2\/product_tag?post=44839"}],"curies":[{"name":"wp","href":"https:\/\/api.w.org\/{rel}","templated":true}]}}