{"id":44842,"date":"2023-03-24T10:41:00","date_gmt":"2023-03-24T10:41:00","guid":{"rendered":"https:\/\/travelsafe.nl\/assortiment\/uncategorized\/bite-viajes-seguridad-relief-lotion-14ml\/"},"modified":"2023-05-15T15:26:22","modified_gmt":"2023-05-15T15:26:22","slug":"bite-viajes-seguridad-relief-lotion-14ml","status":"publish","type":"product","link":"https:\/\/travelsafe.nl\/es\/assortiment\/2-repelente-de-insectos\/despues-de-la-mordida\/bite-viajes-seguridad-relief-lotion-14ml\/","title":{"rendered":"Bite Viajes seguridad Relief Lotion &#8211; 14ml"},"content":{"rendered":"<p>La loci\u00f3n antipicaduras TravelSafe Bite alivia y alivia el picor y la hinchaz\u00f3n provocados por las picaduras y mordeduras provocadas por insectos (mosquitos, avispas, t\u00e1banos), medusas y ortigas.<\/p>\n<p>Los insectos pueden transmitir diversas enfermedades. Estos incluyen malaria, dengue (fiebre del dengue) y fiebre amarilla. Es importante protegerse contra las picaduras de insectos, tanto de d\u00eda como de noche, utilizando un producto antimosquitos, ropa protectora y mosquitera.<\/p>\n<p>Contenido: 14ml<\/p>\n","protected":false},"excerpt":{"rendered":"<p>La loci\u00f3n antipicaduras TravelSafe Bite alivia y alivia el picor y la hinchaz\u00f3n provocados por las picaduras y mordeduras provocadas por insectos&hellip;<\/p>\n","protected":false},"featured_media":44200,"template":"","meta":{"_acf_changed":false},"product_brand":[],"product_cat":[2960,2964],"product_tag":[],"class_list":{"0":"post-44842","1":"product","2":"type-product","3":"status-publish","4":"has-post-thumbnail","6":"product_cat-2-repelente-de-insectos","7":"product_cat-despues-de-la-mordida","9":"first","10":"instock","11":"purchasable","12":"product-type-simple"},"acf":[],"_links":{"self":[{"href":"https:\/\/travelsafe.nl\/es\/wp-json\/wp\/v2\/product\/44842","targetHints":{"allow":["GET"]}}],"collection":[{"href":"https:\/\/travelsafe.nl\/es\/wp-json\/wp\/v2\/product"}],"about":[{"href":"https:\/\/travelsafe.nl\/es\/wp-json\/wp\/v2\/types\/product"}],"wp:featuredmedia":[{"embeddable":true,"href":"https:\/\/travelsafe.nl\/es\/wp-json\/wp\/v2\/media\/44200"}],"wp:attachment":[{"href":"https:\/\/travelsafe.nl\/es\/wp-json\/wp\/v2\/media?parent=44842"}],"wp:term":[{"taxonomy":"product_brand","embeddable":true,"href":"https:\/\/travelsafe.nl\/es\/wp-json\/wp\/v2\/product_brand?post=44842"},{"taxonomy":"product_cat","embeddable":true,"href":"https:\/\/travelsafe.nl\/es\/wp-json\/wp\/v2\/product_cat?post=44842"},{"taxonomy":"product_tag","embeddable":true,"href":"https:\/\/travelsafe.nl\/es\/wp-json\/wp\/v2\/product_tag?post=44842"}],"curies":[{"name":"wp","href":"https:\/\/api.w.org\/{rel}","templated":true}]}}