{"id":44843,"date":"2020-03-04T15:36:11","date_gmt":"2020-03-04T15:36:11","guid":{"rendered":"https:\/\/travelsafe.nl\/assortiment\/uncategorized\/pack-duo-travelsafe-deet-50-2-x-60-ml\/"},"modified":"2026-02-19T09:30:03","modified_gmt":"2026-02-19T09:30:03","slug":"traveldeet-duo-pack-50","status":"publish","type":"product","link":"https:\/\/travelsafe.nl\/es\/assortiment\/2-repelente-de-insectos\/repelente-de-insectos-es\/traveldeet-es\/traveldeet-duo-pack-50\/","title":{"rendered":"Pack d\u00fao DEET 50% &#8211; 2 x 60ml"},"content":{"rendered":"<p>Consta de 2 x DEET 60 ml. TravelDEET te protege contra mosquitos europeos y tropicales, t\u00e1banos, t\u00e1banos, \u00e1caros oto\u00f1ales, flebotomos y garrapatas. El ingrediente activo de TravelDeet es dietil-m-toluamida (DEET). TravelDeet est\u00e1 disponible spray con 40 % o 50 % de Deet, que es extra potente para una protecci\u00f3n duradera de hasta 10 horas.<\/p>\n<p>\u00a1Ahora tambi\u00e9n disponible en un pack d\u00fao asequible de 21,90 \u20ac por solo 19,95 \u20ac!<\/p>\n<p>Los insectos pueden transmitir diversas enfermedades. Estos incluyen malaria, dengue (fiebre del dengue) y fiebre amarilla. Es importante protegerse de las picaduras de insectos, tanto de d\u00eda como de noche, utilizando un producto antimosquitos, ropa de protecci\u00f3n y mosquitera.<\/p>\n<p>Contenido: 2 x 60ml<br \/>\nIngrediente: 50% dietil-m-toluamida (DEET)<\/p>\n","protected":false},"excerpt":{"rendered":"<p>Consta de 2 x DEET 60 ml. TravelDEET te protege contra mosquitos europeos y tropicales, t\u00e1banos, t\u00e1banos, \u00e1caros oto\u00f1ales, flebotomos y garrapatas.&hellip;<\/p>\n","protected":false},"featured_media":44216,"template":"","meta":{"_acf_changed":false},"product_brand":[],"product_cat":[2960,2961,2962],"product_tag":[],"class_list":{"0":"post-44843","1":"product","2":"type-product","3":"status-publish","4":"has-post-thumbnail","6":"product_cat-2-repelente-de-insectos","7":"product_cat-repelente-de-insectos-es","8":"product_cat-traveldeet-es","10":"first","11":"instock","12":"shipping-taxable","13":"purchasable","14":"product-type-simple"},"acf":[],"_links":{"self":[{"href":"https:\/\/travelsafe.nl\/es\/wp-json\/wp\/v2\/product\/44843","targetHints":{"allow":["GET"]}}],"collection":[{"href":"https:\/\/travelsafe.nl\/es\/wp-json\/wp\/v2\/product"}],"about":[{"href":"https:\/\/travelsafe.nl\/es\/wp-json\/wp\/v2\/types\/product"}],"wp:featuredmedia":[{"embeddable":true,"href":"https:\/\/travelsafe.nl\/es\/wp-json\/wp\/v2\/media\/44216"}],"wp:attachment":[{"href":"https:\/\/travelsafe.nl\/es\/wp-json\/wp\/v2\/media?parent=44843"}],"wp:term":[{"taxonomy":"product_brand","embeddable":true,"href":"https:\/\/travelsafe.nl\/es\/wp-json\/wp\/v2\/product_brand?post=44843"},{"taxonomy":"product_cat","embeddable":true,"href":"https:\/\/travelsafe.nl\/es\/wp-json\/wp\/v2\/product_cat?post=44843"},{"taxonomy":"product_tag","embeddable":true,"href":"https:\/\/travelsafe.nl\/es\/wp-json\/wp\/v2\/product_tag?post=44843"}],"curies":[{"name":"wp","href":"https:\/\/api.w.org\/{rel}","templated":true}]}}