{"id":44856,"date":"2019-06-10T22:31:32","date_gmt":"2019-06-10T22:31:32","guid":{"rendered":"https:\/\/travelsafe.nl\/assortiment\/uncategorized\/travelsafe-traveldeet-50-spray-60-ml\/"},"modified":"2026-02-19T10:15:38","modified_gmt":"2026-02-19T10:15:38","slug":"traveldeet-50-spray-lotion-60ml","status":"publish","type":"product","link":"https:\/\/travelsafe.nl\/es\/assortiment\/2-repelente-de-insectos\/repelente-de-insectos-es\/traveldeet-es\/traveldeet-50-spray-lotion-60ml\/","title":{"rendered":"TravelDEET 50% \u2013 Spray 60ml"},"content":{"rendered":"<p>TravelDeet te protege contra mosquitos europeos y tropicales, t\u00e1banos, t\u00e1banos, \u00e1caros oto\u00f1ales, flebotomos y garrapatas. El ingrediente activo de TravelDeet es dietil-m-toluamida (DEEzT). TravelDeet est\u00e1 disponible en diferentes composiciones como spray con 40% y 50% DEET. Esto es extra potente para una protecci\u00f3n duradera de hasta 10 horas.<\/p>\n<p>Los insectos pueden transmitir diversas enfermedades. Estos incluyen malaria, dengue (fiebre del dengue) y fiebre amarilla. Es importante protegerse de las picaduras de insectos, tanto de d\u00eda como de noche, utilizando un producto antimosquitos, ropa de protecci\u00f3n y mosquitera.<\/p>\n<p>Contenido: \u00a0\u00a0\u00a0\u00a0\u00a0\u00a0\u00a0\u00a060 ml<br \/>\nIngrediente: 50% dietil-m-toluamida (DEET)<\/p>\n","protected":false},"excerpt":{"rendered":"<p>TravelDeet te protege contra mosquitos europeos y tropicales, t\u00e1banos, t\u00e1banos, \u00e1caros oto\u00f1ales, flebotomos y garrapatas. El ingrediente activo de TravelDeet es dietil-m-toluamida&hellip;<\/p>\n","protected":false},"featured_media":43122,"template":"","meta":{"_acf_changed":false},"product_brand":[],"product_cat":[2960,2961,2962],"product_tag":[],"class_list":{"0":"post-44856","1":"product","2":"type-product","3":"status-publish","4":"has-post-thumbnail","6":"product_cat-2-repelente-de-insectos","7":"product_cat-repelente-de-insectos-es","8":"product_cat-traveldeet-es","10":"first","11":"instock","12":"purchasable","13":"product-type-simple"},"acf":[],"_links":{"self":[{"href":"https:\/\/travelsafe.nl\/es\/wp-json\/wp\/v2\/product\/44856","targetHints":{"allow":["GET"]}}],"collection":[{"href":"https:\/\/travelsafe.nl\/es\/wp-json\/wp\/v2\/product"}],"about":[{"href":"https:\/\/travelsafe.nl\/es\/wp-json\/wp\/v2\/types\/product"}],"wp:featuredmedia":[{"embeddable":true,"href":"https:\/\/travelsafe.nl\/es\/wp-json\/wp\/v2\/media\/43122"}],"wp:attachment":[{"href":"https:\/\/travelsafe.nl\/es\/wp-json\/wp\/v2\/media?parent=44856"}],"wp:term":[{"taxonomy":"product_brand","embeddable":true,"href":"https:\/\/travelsafe.nl\/es\/wp-json\/wp\/v2\/product_brand?post=44856"},{"taxonomy":"product_cat","embeddable":true,"href":"https:\/\/travelsafe.nl\/es\/wp-json\/wp\/v2\/product_cat?post=44856"},{"taxonomy":"product_tag","embeddable":true,"href":"https:\/\/travelsafe.nl\/es\/wp-json\/wp\/v2\/product_tag?post=44856"}],"curies":[{"name":"wp","href":"https:\/\/api.w.org\/{rel}","templated":true}]}}