{"id":44874,"date":"2023-03-24T12:33:49","date_gmt":"2023-03-24T12:33:49","guid":{"rendered":"https:\/\/travelsafe.nl\/assortiment\/uncategorized\/travelsafe-de-mosquitonet-kit-de-montaje\/"},"modified":"2023-05-15T11:17:55","modified_gmt":"2023-05-15T11:17:55","slug":"travelsafe-de-mosquitonet-kit-de-montaje","status":"publish","type":"product","link":"https:\/\/travelsafe.nl\/es\/assortiment\/mosquitero\/accesorios-para-mosquiteras\/travelsafe-de-mosquitonet-kit-de-montaje\/","title":{"rendered":"Travelsafe de MosquitoNet Kit de montaje"},"content":{"rendered":"<p>Con este juego para colgar, se puede colgar un mosquitero en casi cualquier lugar. Las tiras adhesivas tienen una adhesi\u00f3n efectiva a casi cualquier superficie y est\u00e1n firmemente unidas. F\u00e1cil de quitar sin dejar residuos de adhesivo.<\/p>\n<p>Dimensiones: 60x53mm<br \/>\nPeso: 10g<br \/>\nContenido: 2 tiras adhesivas<\/p>\n","protected":false},"excerpt":{"rendered":"<p>Con este juego para colgar, se puede colgar un mosquitero en casi cualquier lugar. Las tiras adhesivas tienen una adhesi\u00f3n efectiva a&hellip;<\/p>\n","protected":false},"featured_media":43073,"template":"","meta":{"_acf_changed":false},"product_brand":[],"product_cat":[2922,2915],"product_tag":[],"class_list":{"0":"post-44874","1":"product","2":"type-product","3":"status-publish","4":"has-post-thumbnail","6":"product_cat-accesorios-para-mosquiteras","7":"product_cat-mosquitero","9":"first","10":"instock","11":"purchasable","12":"product-type-simple"},"acf":[],"_links":{"self":[{"href":"https:\/\/travelsafe.nl\/es\/wp-json\/wp\/v2\/product\/44874","targetHints":{"allow":["GET"]}}],"collection":[{"href":"https:\/\/travelsafe.nl\/es\/wp-json\/wp\/v2\/product"}],"about":[{"href":"https:\/\/travelsafe.nl\/es\/wp-json\/wp\/v2\/types\/product"}],"wp:featuredmedia":[{"embeddable":true,"href":"https:\/\/travelsafe.nl\/es\/wp-json\/wp\/v2\/media\/43073"}],"wp:attachment":[{"href":"https:\/\/travelsafe.nl\/es\/wp-json\/wp\/v2\/media?parent=44874"}],"wp:term":[{"taxonomy":"product_brand","embeddable":true,"href":"https:\/\/travelsafe.nl\/es\/wp-json\/wp\/v2\/product_brand?post=44874"},{"taxonomy":"product_cat","embeddable":true,"href":"https:\/\/travelsafe.nl\/es\/wp-json\/wp\/v2\/product_cat?post=44874"},{"taxonomy":"product_tag","embeddable":true,"href":"https:\/\/travelsafe.nl\/es\/wp-json\/wp\/v2\/product_tag?post=44874"}],"curies":[{"name":"wp","href":"https:\/\/api.w.org\/{rel}","templated":true}]}}