{"id":44884,"date":"2019-06-10T22:53:56","date_gmt":"2019-06-10T22:53:56","guid":{"rendered":"https:\/\/travelsafe.nl\/assortiment\/uncategorized\/travelsafe-check-out-bolsa-para-el-cuello-beige\/"},"modified":"2023-06-13T14:56:02","modified_gmt":"2023-06-13T14:56:02","slug":"moneybelt-checkout-beige","status":"publish","type":"product","link":"https:\/\/travelsafe.nl\/es\/assortiment\/4-esenciales-de-viaje\/bolsas-de-viaje\/cinturon-dinero\/poliester\/moneybelt-checkout-beige\/","title":{"rendered":"Check Out \u2013 Bolso de cuello &#8211; Beige"},"content":{"rendered":"<p>Bolso de cuello con 2 compartimentos con cremallera y 3 bolsillos para todos sus documentos de viaje. La solapa de cierre est\u00e1 equipada con velcro y todas las costuras tienen un acabado suave que es agradable para la piel. La parte trasera est\u00e1 hecha de Coolmax\u00ae, que es c\u00f3modo para la piel y garantiza una \u00f3ptima regulaci\u00f3n de la humedad de la piel.<\/p>\n<p>Tambi\u00e9n disponible en negro (TS0356.0001).<\/p>\n<p>Dimensiones: 13 x 20 cm<br \/>\nPeso: 33 g<br \/>\nMaterial: Poli\u00e9ster<br \/>\nColor: Beige<\/p>\n","protected":false},"excerpt":{"rendered":"<p>Bolso de cuello con 2 compartimentos con cremallera y 3 bolsillos para todos sus documentos de viaje. La solapa de cierre est\u00e1&hellip;<\/p>\n","protected":false},"featured_media":43289,"template":"","meta":{"_acf_changed":false},"product_brand":[],"product_cat":[2686,2955,2957],"product_tag":[],"class_list":{"0":"post-44884","1":"product","2":"type-product","3":"status-publish","4":"has-post-thumbnail","6":"product_cat-4-esenciales-de-viaje","7":"product_cat-cinturon-dinero","8":"product_cat-poliester","10":"first","11":"instock","12":"purchasable","13":"product-type-simple"},"acf":[],"_links":{"self":[{"href":"https:\/\/travelsafe.nl\/es\/wp-json\/wp\/v2\/product\/44884","targetHints":{"allow":["GET"]}}],"collection":[{"href":"https:\/\/travelsafe.nl\/es\/wp-json\/wp\/v2\/product"}],"about":[{"href":"https:\/\/travelsafe.nl\/es\/wp-json\/wp\/v2\/types\/product"}],"wp:featuredmedia":[{"embeddable":true,"href":"https:\/\/travelsafe.nl\/es\/wp-json\/wp\/v2\/media\/43289"}],"wp:attachment":[{"href":"https:\/\/travelsafe.nl\/es\/wp-json\/wp\/v2\/media?parent=44884"}],"wp:term":[{"taxonomy":"product_brand","embeddable":true,"href":"https:\/\/travelsafe.nl\/es\/wp-json\/wp\/v2\/product_brand?post=44884"},{"taxonomy":"product_cat","embeddable":true,"href":"https:\/\/travelsafe.nl\/es\/wp-json\/wp\/v2\/product_cat?post=44884"},{"taxonomy":"product_tag","embeddable":true,"href":"https:\/\/travelsafe.nl\/es\/wp-json\/wp\/v2\/product_tag?post=44884"}],"curies":[{"name":"wp","href":"https:\/\/api.w.org\/{rel}","templated":true}]}}