{"id":44910,"date":"2019-06-10T23:01:57","date_gmt":"2019-06-10T23:01:57","guid":{"rendered":"https:\/\/travelsafe.nl\/assortiment\/uncategorized\/travelsafe-duffle-bag-nepal-bolsa-de-viaje-grande\/"},"modified":"2023-06-13T15:15:20","modified_gmt":"2023-06-13T15:15:20","slug":"duffle-bag-nepal-large","status":"publish","type":"product","link":"https:\/\/travelsafe.nl\/es\/assortiment\/4-esenciales-de-viaje\/bolsas-de-viaje\/bolsas-de-equipo\/duffle-bag-nepal-large\/","title":{"rendered":"Bolsa De Viaje Nepal L"},"content":{"rendered":"<p>La bolsa de viaje Nepal est\u00e1 hecha de Tarpaulin, un material duradero y f\u00e1cil de mantener. El fondo de la bolsa est\u00e1 acolchado para proteger el contenido, mientras que el exterior del fondo est\u00e1 hecho de poli\u00e9ster resistente al desgaste y robusto de 600D. Las correas acolchadas para los hombros hacen que la bolsa sea f\u00e1cil y ligera de llevar. Nepal cuenta con una amplia abertura para facilitar el embalaje. En el interior de la abertura hay un bolsillo de malla plana con cremallera donde se pueden guardar objetos peque\u00f1os.<\/p>\n<p>Esta incre\u00edble bolsa de viaje tambi\u00e9n est\u00e1 disponible en tama\u00f1os M-65 L (TS2051) y XL-110 L (TS2511).<\/p>\n<p>TravelSafe se especializa en ofrecer art\u00edculos funcionales y ligeros que hacen que los viajeros est\u00e9n lo m\u00e1s c\u00f3modos posible.<\/p>\n<p>Dimensiones: 70 x \u00f8 40 cm<br \/>\nCapacidad: 85 litros<br \/>\nPeso: aproximadamente 1,7 kg<br \/>\nMaterial: lona alquitranada<br \/>\nColor: Negro<\/p>\n","protected":false},"excerpt":{"rendered":"<p>La bolsa de viaje Nepal est\u00e1 hecha de Tarpaulin, un material duradero y f\u00e1cil de mantener. El fondo de la bolsa est\u00e1&hellip;<\/p>\n","protected":false},"featured_media":44008,"template":"","meta":{"_acf_changed":false},"product_brand":[],"product_cat":[2686,2953,2954],"product_tag":[],"class_list":{"0":"post-44910","1":"product","2":"type-product","3":"status-publish","4":"has-post-thumbnail","6":"product_cat-4-esenciales-de-viaje","7":"product_cat-bolsas-de-viaje","8":"product_cat-bolsas-de-equipo","10":"first","11":"instock","12":"purchasable","13":"product-type-simple"},"acf":[],"_links":{"self":[{"href":"https:\/\/travelsafe.nl\/es\/wp-json\/wp\/v2\/product\/44910","targetHints":{"allow":["GET"]}}],"collection":[{"href":"https:\/\/travelsafe.nl\/es\/wp-json\/wp\/v2\/product"}],"about":[{"href":"https:\/\/travelsafe.nl\/es\/wp-json\/wp\/v2\/types\/product"}],"wp:featuredmedia":[{"embeddable":true,"href":"https:\/\/travelsafe.nl\/es\/wp-json\/wp\/v2\/media\/44008"}],"wp:attachment":[{"href":"https:\/\/travelsafe.nl\/es\/wp-json\/wp\/v2\/media?parent=44910"}],"wp:term":[{"taxonomy":"product_brand","embeddable":true,"href":"https:\/\/travelsafe.nl\/es\/wp-json\/wp\/v2\/product_brand?post=44910"},{"taxonomy":"product_cat","embeddable":true,"href":"https:\/\/travelsafe.nl\/es\/wp-json\/wp\/v2\/product_cat?post=44910"},{"taxonomy":"product_tag","embeddable":true,"href":"https:\/\/travelsafe.nl\/es\/wp-json\/wp\/v2\/product_tag?post=44910"}],"curies":[{"name":"wp","href":"https:\/\/api.w.org\/{rel}","templated":true}]}}