{"id":44912,"date":"2019-06-10T23:02:08","date_gmt":"2019-06-10T23:02:08","guid":{"rendered":"https:\/\/travelsafe.nl\/assortiment\/uncategorized\/travelsafe-duffle-bag-nepal-bolsa-de-viaje-xl\/"},"modified":"2023-06-13T15:11:49","modified_gmt":"2023-06-13T15:11:49","slug":"duffle-bag-nepal-extra-large","status":"publish","type":"product","link":"https:\/\/travelsafe.nl\/es\/assortiment\/4-esenciales-de-viaje\/bolsas-de-viaje\/bolsas-de-equipo\/duffle-bag-nepal-extra-large\/","title":{"rendered":"Bolsa de viaje Nepal XL"},"content":{"rendered":"<p>La bolsa de viaje de Nepal est\u00e1 hecha de una lona duradera y f\u00e1cil de mantener. La parte inferior de la bolsa est\u00e1 acolchada para proteger el contenido, la parte exterior de la parte inferior est\u00e1 hecha de poli\u00e9ster 600D resistente y duradero. Las correas acolchadas para los hombros hacen que la bolsa sea f\u00e1cil y liviana de llevar. El Nepal tiene una gran abertura para facilitar el embalaje. En el interior de la abertura hay un bolsillo plano de malla con cremallera, donde se pueden guardar art\u00edculos peque\u00f1os.<\/p>\n<p>Esta gran bolsa de viaje tambi\u00e9n est\u00e1 disponible en los tama\u00f1os M-65 L (TS2051) y L-85 L (TS2506).<\/p>\n<p>TravelSafe se especializa en traer art\u00edculos funcionales livianos que hacen que el viajero se sienta lo m\u00e1s c\u00f3modo posible.<\/p>\n<p>Dimensiones: 80 x \u00f8 50 cm<br \/>\nContenido: 110 litros<br \/>\nPeso: \u00b1 2,3 kg<br \/>\nMaterial: Lona alquitranada<br \/>\nColor: negro<\/p>\n","protected":false},"excerpt":{"rendered":"<p>La bolsa de viaje de Nepal est\u00e1 hecha de una lona duradera y f\u00e1cil de mantener. La parte inferior de la bolsa&hellip;<\/p>\n","protected":false},"featured_media":44012,"template":"","meta":{"_acf_changed":false},"product_brand":[],"product_cat":[2954,2953],"product_tag":[],"class_list":{"0":"post-44912","1":"product","2":"type-product","3":"status-publish","4":"has-post-thumbnail","6":"product_cat-bolsas-de-equipo","7":"product_cat-bolsas-de-viaje","9":"first","10":"instock","11":"purchasable","12":"product-type-simple"},"acf":[],"_links":{"self":[{"href":"https:\/\/travelsafe.nl\/es\/wp-json\/wp\/v2\/product\/44912","targetHints":{"allow":["GET"]}}],"collection":[{"href":"https:\/\/travelsafe.nl\/es\/wp-json\/wp\/v2\/product"}],"about":[{"href":"https:\/\/travelsafe.nl\/es\/wp-json\/wp\/v2\/types\/product"}],"wp:featuredmedia":[{"embeddable":true,"href":"https:\/\/travelsafe.nl\/es\/wp-json\/wp\/v2\/media\/44012"}],"wp:attachment":[{"href":"https:\/\/travelsafe.nl\/es\/wp-json\/wp\/v2\/media?parent=44912"}],"wp:term":[{"taxonomy":"product_brand","embeddable":true,"href":"https:\/\/travelsafe.nl\/es\/wp-json\/wp\/v2\/product_brand?post=44912"},{"taxonomy":"product_cat","embeddable":true,"href":"https:\/\/travelsafe.nl\/es\/wp-json\/wp\/v2\/product_cat?post=44912"},{"taxonomy":"product_tag","embeddable":true,"href":"https:\/\/travelsafe.nl\/es\/wp-json\/wp\/v2\/product_tag?post=44912"}],"curies":[{"name":"wp","href":"https:\/\/api.w.org\/{rel}","templated":true}]}}