{"id":44914,"date":"2019-06-10T22:56:24","date_gmt":"2019-06-10T22:56:24","guid":{"rendered":"https:\/\/travelsafe.nl\/assortiment\/uncategorized\/bolsa-de-deporte-plegable-negro\/"},"modified":"2023-06-13T15:23:54","modified_gmt":"2023-06-13T15:23:54","slug":"opvouwbare-duffel-tas-zwart","status":"publish","type":"product","link":"https:\/\/travelsafe.nl\/es\/assortiment\/4-esenciales-de-viaje\/bolsas-de-viaje\/bolsas-de-equipo\/opvouwbare-duffel-tas-zwart\/","title":{"rendered":"Bolsa de deporte &#8211; Plegable &#8211; Negro"},"content":{"rendered":"<p>Esta bolsa plegable y liviana es muy \u00fatil para llevar contigo como una bolsa de compras adicional o una bolsa de playa. La bolsa es s\u00faper fuerte, liviana, est\u00e1 hecha de poli\u00e9ster y es f\u00e1cil de doblar en un paquete muy peque\u00f1o. La bolsa tiene un pr\u00e1ctico bolsillo lateral para tus accesorios m\u00e1s peque\u00f1os. Disponible en los colores azul y negro.<\/p>\n<p>Dimensiones: 52 x 32 x 32 cm<br \/>\nPlegado: 15,5 x 18,5 x 3,5 cm<br \/>\nPeso:\u00a0 \u00a0\u00a0\u00a0\u00a0\u00a0\u00a0 271 g<br \/>\nMaterial: poli\u00e9ster 420D<br \/>\ncolor negro<\/p>\n","protected":false},"excerpt":{"rendered":"<p>Esta bolsa plegable y liviana es muy \u00fatil para llevar contigo como una bolsa de compras adicional o una bolsa de playa.&hellip;<\/p>\n","protected":false},"featured_media":43501,"template":"","meta":{"_acf_changed":false},"product_brand":[],"product_cat":[2686,2954,2953,2959],"product_tag":[],"class_list":{"0":"post-44914","1":"product","2":"type-product","3":"status-publish","4":"has-post-thumbnail","6":"product_cat-4-esenciales-de-viaje","7":"product_cat-bolsas-de-equipo","8":"product_cat-bolsas-de-viaje","9":"product_cat-bolsas-plegables","11":"first","12":"instock","13":"purchasable","14":"product-type-simple"},"acf":[],"_links":{"self":[{"href":"https:\/\/travelsafe.nl\/es\/wp-json\/wp\/v2\/product\/44914","targetHints":{"allow":["GET"]}}],"collection":[{"href":"https:\/\/travelsafe.nl\/es\/wp-json\/wp\/v2\/product"}],"about":[{"href":"https:\/\/travelsafe.nl\/es\/wp-json\/wp\/v2\/types\/product"}],"wp:featuredmedia":[{"embeddable":true,"href":"https:\/\/travelsafe.nl\/es\/wp-json\/wp\/v2\/media\/43501"}],"wp:attachment":[{"href":"https:\/\/travelsafe.nl\/es\/wp-json\/wp\/v2\/media?parent=44914"}],"wp:term":[{"taxonomy":"product_brand","embeddable":true,"href":"https:\/\/travelsafe.nl\/es\/wp-json\/wp\/v2\/product_brand?post=44914"},{"taxonomy":"product_cat","embeddable":true,"href":"https:\/\/travelsafe.nl\/es\/wp-json\/wp\/v2\/product_cat?post=44914"},{"taxonomy":"product_tag","embeddable":true,"href":"https:\/\/travelsafe.nl\/es\/wp-json\/wp\/v2\/product_tag?post=44914"}],"curies":[{"name":"wp","href":"https:\/\/api.w.org\/{rel}","templated":true}]}}