{"id":45073,"date":"2023-05-12T14:58:16","date_gmt":"2023-05-12T14:58:16","guid":{"rendered":"https:\/\/travelsafe.nl\/?post_type=product&#038;p=45073"},"modified":"2023-05-12T14:58:16","modified_gmt":"2023-05-12T14:58:16","slug":"traveltowel-microfibre-xs-40x80cm-grijs","status":"publish","type":"product","link":"https:\/\/travelsafe.nl\/es\/assortiment\/4-esenciales-de-viaje\/toallas-de-viaje-microfibra\/traveltowel-microfibre-xs-40x80cm-grijs\/","title":{"rendered":"Toalla Microfibra XS \u2013 Gris"},"content":{"rendered":"<p>\u00a1La renovada Travel Towel de microfibra est\u00e1 disponible en varios tama\u00f1os y nuevos colores! Estas toallas de viaje son ideales para acampar, hacer caminatas y todas las dem\u00e1s actividades deportivas. S\u00faper absorbente, ligero y fabricado con fibras ultrafinas. Puede absorber hasta 6 veces su peso en agua y seca muy r\u00e1pidamente. Debido a que las toallas se secan r\u00e1pidamente, las bacterias tienen menos posibilidades de crecer. Las toallas vienen en un paquete pr\u00e1ctico y compacto y tienen un pr\u00e1ctico lazo de sujeci\u00f3n.<br \/>\nColores disponibles: azul, verde, morado y gris.<\/p>\n<p>Tama\u00f1os disponibles: XS \u2013 80x40cm \/ S &#8211; 60\u00d7120cm \/ M &#8211; 70\u00d7135cm \/ L- 85\u00d7150 cm<\/p>\n<p>Las toallas de viaje son ideales para acampar, hacer trekking y todas las dem\u00e1s actividades deportivas. S\u00faper absorbente, ligero y fabricado con fibras ultrafinas. Puede absorber hasta 6 veces su peso en agua. Envase peque\u00f1o, particularmente suave, extremadamente absorbente y de secado r\u00e1pido.<\/p>\n<p>Dimensiones: 80 x 40 cm<br \/>\nPeso: 70g<br \/>\nMaterial: 80% Poli\u00e9ster &#8211; 20% Poliamida<br \/>\nColor: Gris<\/p>\n","protected":false},"excerpt":{"rendered":"<p>\u00a1La renovada Travel Towel de microfibra est\u00e1 disponible en varios tama\u00f1os y nuevos colores! Estas toallas de viaje son ideales para acampar,&hellip;<\/p>\n","protected":false},"featured_media":44270,"template":"","meta":{"_acf_changed":false},"product_brand":[],"product_cat":[2686,2893],"product_tag":[],"class_list":{"0":"post-45073","1":"product","2":"type-product","3":"status-publish","4":"has-post-thumbnail","6":"product_cat-4-esenciales-de-viaje","7":"product_cat-toallas-de-viaje-microfibra","9":"first","10":"instock","11":"shipping-taxable","12":"purchasable","13":"product-type-simple"},"acf":[],"_links":{"self":[{"href":"https:\/\/travelsafe.nl\/es\/wp-json\/wp\/v2\/product\/45073","targetHints":{"allow":["GET"]}}],"collection":[{"href":"https:\/\/travelsafe.nl\/es\/wp-json\/wp\/v2\/product"}],"about":[{"href":"https:\/\/travelsafe.nl\/es\/wp-json\/wp\/v2\/types\/product"}],"wp:featuredmedia":[{"embeddable":true,"href":"https:\/\/travelsafe.nl\/es\/wp-json\/wp\/v2\/media\/44270"}],"wp:attachment":[{"href":"https:\/\/travelsafe.nl\/es\/wp-json\/wp\/v2\/media?parent=45073"}],"wp:term":[{"taxonomy":"product_brand","embeddable":true,"href":"https:\/\/travelsafe.nl\/es\/wp-json\/wp\/v2\/product_brand?post=45073"},{"taxonomy":"product_cat","embeddable":true,"href":"https:\/\/travelsafe.nl\/es\/wp-json\/wp\/v2\/product_cat?post=45073"},{"taxonomy":"product_tag","embeddable":true,"href":"https:\/\/travelsafe.nl\/es\/wp-json\/wp\/v2\/product_tag?post=45073"}],"curies":[{"name":"wp","href":"https:\/\/api.w.org\/{rel}","templated":true}]}}