{"id":45160,"date":"2019-06-10T22:55:05","date_gmt":"2019-06-10T22:55:05","guid":{"rendered":"https:\/\/travelsafe.nl\/assortiment\/uncategorized\/nekkussen-blauw\/"},"modified":"2023-05-16T14:57:54","modified_gmt":"2023-05-16T14:57:54","slug":"nekkussen-blauw","status":"publish","type":"product","link":"https:\/\/travelsafe.nl\/es\/assortiment\/4-esenciales-de-viaje\/accesorios-de-viaje\/almohada-de-cuello\/nekkussen-blauw\/","title":{"rendered":"Almohada de Viaje Confort &#8211; Azul"},"content":{"rendered":"<p>Si desea una almohada para el cuello agradable, suave y c\u00f3moda durante su viaje, adem\u00e1s de la pr\u00e1ctica almohada para el cuello inflable compacta, tenemos la almohada para el cuello suave y acolchada para usted. La almohada est\u00e1 rellena de bolas sint\u00e9ticas resistentes para una m\u00e1xima comodidad.<\/p>\n<p>Dimensiones: 30 x 28 x 8 cm<br \/>\nPeso: 153g<br \/>\nMaterial: \u00a0 \u00a0Poli\u00e9ster &#8211; Spandex<br \/>\nColor azul<\/p>\n","protected":false},"excerpt":{"rendered":"<p>Si desea una almohada para el cuello agradable, suave y c\u00f3moda durante su viaje, adem\u00e1s de la pr\u00e1ctica almohada para el cuello&hellip;<\/p>\n","protected":false},"featured_media":43356,"template":"","meta":{"_acf_changed":false},"product_brand":[],"product_cat":[2686,2948,2950],"product_tag":[],"class_list":{"0":"post-45160","1":"product","2":"type-product","3":"status-publish","4":"has-post-thumbnail","6":"product_cat-4-esenciales-de-viaje","7":"product_cat-accesorios-de-viaje","8":"product_cat-almohada-de-cuello","10":"first","11":"instock","12":"purchasable","13":"product-type-simple"},"acf":[],"_links":{"self":[{"href":"https:\/\/travelsafe.nl\/es\/wp-json\/wp\/v2\/product\/45160","targetHints":{"allow":["GET"]}}],"collection":[{"href":"https:\/\/travelsafe.nl\/es\/wp-json\/wp\/v2\/product"}],"about":[{"href":"https:\/\/travelsafe.nl\/es\/wp-json\/wp\/v2\/types\/product"}],"wp:featuredmedia":[{"embeddable":true,"href":"https:\/\/travelsafe.nl\/es\/wp-json\/wp\/v2\/media\/43356"}],"wp:attachment":[{"href":"https:\/\/travelsafe.nl\/es\/wp-json\/wp\/v2\/media?parent=45160"}],"wp:term":[{"taxonomy":"product_brand","embeddable":true,"href":"https:\/\/travelsafe.nl\/es\/wp-json\/wp\/v2\/product_brand?post=45160"},{"taxonomy":"product_cat","embeddable":true,"href":"https:\/\/travelsafe.nl\/es\/wp-json\/wp\/v2\/product_cat?post=45160"},{"taxonomy":"product_tag","embeddable":true,"href":"https:\/\/travelsafe.nl\/es\/wp-json\/wp\/v2\/product_tag?post=45160"}],"curies":[{"name":"wp","href":"https:\/\/api.w.org\/{rel}","templated":true}]}}