{"id":45162,"date":"2019-06-10T22:54:30","date_gmt":"2019-06-10T22:54:30","guid":{"rendered":"https:\/\/travelsafe.nl\/assortiment\/uncategorized\/oogmasker-fleece-en-oordopjes\/"},"modified":"2023-05-16T14:59:25","modified_gmt":"2023-05-16T14:59:25","slug":"oogmasker-fleece-en-oordopjes","status":"publish","type":"product","link":"https:\/\/travelsafe.nl\/es\/assortiment\/4-esenciales-de-viaje\/dormir-es\/otro-es-2\/oogmasker-fleece-en-oordopjes\/","title":{"rendered":"Antifaz polar + tapones para los o\u00eddos"},"content":{"rendered":"<p>\u00bfQuiere dormir un poco en un entorno ajetreado o durante un viaje largo? que puede! Con esta m\u00e1scara para ojos y tapones para los o\u00eddos TravelSafe, puede desconectarse por completo del ajetreo y el bullicio que lo rodea y aprovechar al m\u00e1ximo su momento de descanso.<\/p>\n<p>Peso: \u00a0 \u00a0 17g<br \/>\nMaterial: poli\u00e9ster y espuma<br \/>\nColor azul<\/p>\n","protected":false},"excerpt":{"rendered":"<p>\u00bfQuiere dormir un poco en un entorno ajetreado o durante un viaje largo? que puede! Con esta m\u00e1scara para ojos y tapones&hellip;<\/p>\n","protected":false},"featured_media":43312,"template":"","meta":{"_acf_changed":false},"product_brand":[],"product_cat":[2686,2948,2973,2975,2951],"product_tag":[],"class_list":{"0":"post-45162","1":"product","2":"type-product","3":"status-publish","4":"has-post-thumbnail","6":"product_cat-4-esenciales-de-viaje","7":"product_cat-accesorios-de-viaje","8":"product_cat-dormir-es","9":"product_cat-otro-es-2","10":"product_cat-otro-es","12":"first","13":"instock","14":"purchasable","15":"product-type-simple"},"acf":[],"_links":{"self":[{"href":"https:\/\/travelsafe.nl\/es\/wp-json\/wp\/v2\/product\/45162","targetHints":{"allow":["GET"]}}],"collection":[{"href":"https:\/\/travelsafe.nl\/es\/wp-json\/wp\/v2\/product"}],"about":[{"href":"https:\/\/travelsafe.nl\/es\/wp-json\/wp\/v2\/types\/product"}],"wp:featuredmedia":[{"embeddable":true,"href":"https:\/\/travelsafe.nl\/es\/wp-json\/wp\/v2\/media\/43312"}],"wp:attachment":[{"href":"https:\/\/travelsafe.nl\/es\/wp-json\/wp\/v2\/media?parent=45162"}],"wp:term":[{"taxonomy":"product_brand","embeddable":true,"href":"https:\/\/travelsafe.nl\/es\/wp-json\/wp\/v2\/product_brand?post=45162"},{"taxonomy":"product_cat","embeddable":true,"href":"https:\/\/travelsafe.nl\/es\/wp-json\/wp\/v2\/product_cat?post=45162"},{"taxonomy":"product_tag","embeddable":true,"href":"https:\/\/travelsafe.nl\/es\/wp-json\/wp\/v2\/product_tag?post=45162"}],"curies":[{"name":"wp","href":"https:\/\/api.w.org\/{rel}","templated":true}]}}