{"id":45164,"date":"2019-06-10T22:57:44","date_gmt":"2019-06-10T22:57:44","guid":{"rendered":"https:\/\/travelsafe.nl\/assortiment\/uncategorized\/moneybelt-large-polyester-katoen-beige\/"},"modified":"2023-05-16T15:03:43","modified_gmt":"2023-05-16T15:03:43","slug":"moneybelt-large-polyester-katoen-beige","status":"publish","type":"product","link":"https:\/\/travelsafe.nl\/es\/assortiment\/4-esenciales-de-viaje\/bolsas-de-viaje\/cinturon-dinero\/poliester-algodon\/moneybelt-large-polyester-katoen-beige\/","title":{"rendered":"Monedero Grande &#8211; Beige"},"content":{"rendered":"<p>El cintur\u00f3n de dinero b\u00e1sico es un cintur\u00f3n de dinero con un bolsillo con cremallera y un bolsillo impermeable para sus objetos de valor, documentos de viaje y tarjeta bancaria. Hecho de poli\u00e9ster\/algod\u00f3n suave. Un c\u00f3modo cintur\u00f3n ajustable con un el\u00e1stico para evitar que se descuelgue. Todas las costuras y pespuntes tienen un acabado suave. La parte posterior est\u00e1 hecha de un material no tejido transpirable para una comodidad de uso c\u00f3moda y una regulaci\u00f3n \u00f3ptima de la humedad.<\/p>\n<p>Dimensiones: 26 x 13 cm<br \/>\nPeso:\u00a0 \u00a0 \u00a0 52g<br \/>\nMaterial: Algod\u00f3n<br \/>\nColor beige<\/p>\n","protected":false},"excerpt":{"rendered":"<p>El cintur\u00f3n de dinero b\u00e1sico es un cintur\u00f3n de dinero con un bolsillo con cremallera y un bolsillo impermeable para sus objetos&hellip;<\/p>\n","protected":false},"featured_media":43644,"template":"","meta":{"_acf_changed":false},"product_brand":[],"product_cat":[2686,2955,2956],"product_tag":[],"class_list":{"0":"post-45164","1":"product","2":"type-product","3":"status-publish","4":"has-post-thumbnail","6":"product_cat-4-esenciales-de-viaje","7":"product_cat-cinturon-dinero","8":"product_cat-poliester-algodon","10":"first","11":"instock","12":"purchasable","13":"product-type-simple"},"acf":[],"_links":{"self":[{"href":"https:\/\/travelsafe.nl\/es\/wp-json\/wp\/v2\/product\/45164","targetHints":{"allow":["GET"]}}],"collection":[{"href":"https:\/\/travelsafe.nl\/es\/wp-json\/wp\/v2\/product"}],"about":[{"href":"https:\/\/travelsafe.nl\/es\/wp-json\/wp\/v2\/types\/product"}],"wp:featuredmedia":[{"embeddable":true,"href":"https:\/\/travelsafe.nl\/es\/wp-json\/wp\/v2\/media\/43644"}],"wp:attachment":[{"href":"https:\/\/travelsafe.nl\/es\/wp-json\/wp\/v2\/media?parent=45164"}],"wp:term":[{"taxonomy":"product_brand","embeddable":true,"href":"https:\/\/travelsafe.nl\/es\/wp-json\/wp\/v2\/product_brand?post=45164"},{"taxonomy":"product_cat","embeddable":true,"href":"https:\/\/travelsafe.nl\/es\/wp-json\/wp\/v2\/product_cat?post=45164"},{"taxonomy":"product_tag","embeddable":true,"href":"https:\/\/travelsafe.nl\/es\/wp-json\/wp\/v2\/product_tag?post=45164"}],"curies":[{"name":"wp","href":"https:\/\/api.w.org\/{rel}","templated":true}]}}