{"id":45167,"date":"2019-06-10T22:32:27","date_gmt":"2019-06-10T22:32:27","guid":{"rendered":"https:\/\/travelsafe.nl\/assortiment\/uncategorized\/moneybelt-light-weight-black\/"},"modified":"2023-05-16T15:05:38","modified_gmt":"2023-05-16T15:05:38","slug":"moneybelt-light-weight-black","status":"publish","type":"product","link":"https:\/\/travelsafe.nl\/es\/assortiment\/4-esenciales-de-viaje\/bolsas-de-viaje\/cinturon-dinero\/poliester\/moneybelt-light-weight-black\/","title":{"rendered":"Moneybelt &#8211; ligero &#8211; Negro"},"content":{"rendered":"<p>Ri\u00f1onera ideal con dos bolsillos con cremallera para su dinero y documentos de viaje. El c\u00f3modo cintur\u00f3n el\u00e1stico ajustable en la cintura lo hace agradable a la piel. Todas las costuras y pespuntes tienen un acabado suave. La parte posterior est\u00e1 hecha de Coolmax\u00ae, que es agradable para la piel y asegura que su piel tenga una regulaci\u00f3n \u00f3ptima de la humedad.<\/p>\n<p>Tambi\u00e9n disponible en el color Beige (TS0352.0027).<\/p>\n<p>Dimensiones: 30 x 1 cm<br \/>\nPeso: 45g<br \/>\nMaterial: Poli\u00e9ster<br \/>\ncolor negro<\/p>\n","protected":false},"excerpt":{"rendered":"<p>Ri\u00f1onera ideal con dos bolsillos con cremallera para su dinero y documentos de viaje. El c\u00f3modo cintur\u00f3n el\u00e1stico ajustable en la cintura&hellip;<\/p>\n","protected":false},"featured_media":43243,"template":"","meta":{"_acf_changed":false},"product_brand":[],"product_cat":[2686,2955,2957],"product_tag":[],"class_list":{"0":"post-45167","1":"product","2":"type-product","3":"status-publish","4":"has-post-thumbnail","6":"product_cat-4-esenciales-de-viaje","7":"product_cat-cinturon-dinero","8":"product_cat-poliester","10":"first","11":"instock","12":"purchasable","13":"product-type-simple"},"acf":[],"_links":{"self":[{"href":"https:\/\/travelsafe.nl\/es\/wp-json\/wp\/v2\/product\/45167","targetHints":{"allow":["GET"]}}],"collection":[{"href":"https:\/\/travelsafe.nl\/es\/wp-json\/wp\/v2\/product"}],"about":[{"href":"https:\/\/travelsafe.nl\/es\/wp-json\/wp\/v2\/types\/product"}],"wp:featuredmedia":[{"embeddable":true,"href":"https:\/\/travelsafe.nl\/es\/wp-json\/wp\/v2\/media\/43243"}],"wp:attachment":[{"href":"https:\/\/travelsafe.nl\/es\/wp-json\/wp\/v2\/media?parent=45167"}],"wp:term":[{"taxonomy":"product_brand","embeddable":true,"href":"https:\/\/travelsafe.nl\/es\/wp-json\/wp\/v2\/product_brand?post=45167"},{"taxonomy":"product_cat","embeddable":true,"href":"https:\/\/travelsafe.nl\/es\/wp-json\/wp\/v2\/product_cat?post=45167"},{"taxonomy":"product_tag","embeddable":true,"href":"https:\/\/travelsafe.nl\/es\/wp-json\/wp\/v2\/product_tag?post=45167"}],"curies":[{"name":"wp","href":"https:\/\/api.w.org\/{rel}","templated":true}]}}