{"id":45197,"date":"2019-06-10T22:57:30","date_gmt":"2019-06-10T22:57:30","guid":{"rendered":"https:\/\/travelsafe.nl\/assortiment\/uncategorized\/moneybelt-moneybelt-basic-beige\/"},"modified":"2023-06-13T15:02:34","modified_gmt":"2023-06-13T15:02:34","slug":"moneybelt-moneybelt-basic-beige","status":"publish","type":"product","link":"https:\/\/travelsafe.nl\/es\/assortiment\/4-esenciales-de-viaje\/bolsas-de-viaje\/cinturon-dinero\/poliester-algodon\/moneybelt-moneybelt-basic-beige\/","title":{"rendered":"Moneybelt Basic &#8211; Beige"},"content":{"rendered":"<p>Cintur\u00f3n de dinero elaborado con organizador y varios compartimentos para documentos. Gracias a la c\u00f3moda correa el\u00e1stica ajustable a la cintura (para evitar que se caiga), es agradable para la piel. Todas las costuras tienen un acabado suave. La parte trasera est\u00e1 hecha de Coolmax\u00ae, que es c\u00f3moda para la piel y garantiza una \u00f3ptima regulaci\u00f3n de la humedad de la piel. Debajo de la solapa de cobertura: 2 compartimentos con cremallera, compartimentos para tarjetas de cr\u00e9dito y un bolsillo adicional. En la solapa, un bolsillo adicional con cremallera.<\/p>\n<p>Tambi\u00e9n disponible en color negro (TS0353.0001).<\/p>\n<p>Dimensiones: 22 x 12 cm<br \/>\nPeso: 57 g<br \/>\nMaterial: Poli\u00e9ster<br \/>\nColor: Beige<\/p>\n","protected":false},"excerpt":{"rendered":"<p>Cintur\u00f3n de dinero elaborado con organizador y varios compartimentos para documentos. Gracias a la c\u00f3moda correa el\u00e1stica ajustable a la cintura (para&hellip;<\/p>\n","protected":false},"featured_media":43637,"template":"","meta":{"_acf_changed":false},"product_brand":[],"product_cat":[2686,2955,2956],"product_tag":[],"class_list":{"0":"post-45197","1":"product","2":"type-product","3":"status-publish","4":"has-post-thumbnail","6":"product_cat-4-esenciales-de-viaje","7":"product_cat-cinturon-dinero","8":"product_cat-poliester-algodon","10":"first","11":"instock","12":"purchasable","13":"product-type-simple"},"acf":[],"_links":{"self":[{"href":"https:\/\/travelsafe.nl\/es\/wp-json\/wp\/v2\/product\/45197","targetHints":{"allow":["GET"]}}],"collection":[{"href":"https:\/\/travelsafe.nl\/es\/wp-json\/wp\/v2\/product"}],"about":[{"href":"https:\/\/travelsafe.nl\/es\/wp-json\/wp\/v2\/types\/product"}],"wp:featuredmedia":[{"embeddable":true,"href":"https:\/\/travelsafe.nl\/es\/wp-json\/wp\/v2\/media\/43637"}],"wp:attachment":[{"href":"https:\/\/travelsafe.nl\/es\/wp-json\/wp\/v2\/media?parent=45197"}],"wp:term":[{"taxonomy":"product_brand","embeddable":true,"href":"https:\/\/travelsafe.nl\/es\/wp-json\/wp\/v2\/product_brand?post=45197"},{"taxonomy":"product_cat","embeddable":true,"href":"https:\/\/travelsafe.nl\/es\/wp-json\/wp\/v2\/product_cat?post=45197"},{"taxonomy":"product_tag","embeddable":true,"href":"https:\/\/travelsafe.nl\/es\/wp-json\/wp\/v2\/product_tag?post=45197"}],"curies":[{"name":"wp","href":"https:\/\/api.w.org\/{rel}","templated":true}]}}