{"id":45213,"date":"2023-06-20T08:19:21","date_gmt":"2023-06-20T08:19:21","guid":{"rendered":"https:\/\/travelsafe.nl\/assortiment\/uncategorized\/contenedor-de-vuelo-azure-nuevo\/"},"modified":"2023-06-20T08:24:19","modified_gmt":"2023-06-20T08:24:19","slug":"contenedor-de-vuelo-azure-nuevo","status":"publish","type":"product","link":"https:\/\/travelsafe.nl\/es\/assortiment\/4-esenciales-de-viaje\/bolsas-de-viaje\/transporte-cubiertas-de-lluvia\/contenedor-de-vuelo-azure-nuevo\/","title":{"rendered":"Contenedor de vuelo &#8211; Azure &#8211; NUEVO"},"content":{"rendered":"<p>Este contenedor de vuelo es un producto indispensable para el viajero frecuente, ya que protege su mochila en el aeropuerto y durante su viaje posterior. El contenedor de vuelo tiene un tama\u00f1o grande, por lo que puedes poner f\u00e1cilmente la mochila en \u00e9l. De esta forma, tu mochila est\u00e1 protegida contra la suciedad y los desgarros, y nadie puede poner nada en tu mochila sin que nadie se d\u00e9 cuenta. Este contenedor de vuelo est\u00e1 empacado en una caja peque\u00f1a, compacta y liviana. Apto para mochilas de hasta 85 litros!!<\/p>\n<p>(Consejo: use siempre un candado TravelSafe TSA para cerrar de forma segura el contenedor del vuelo)<\/p>\n<p>Una amplia colecci\u00f3n de fundas protectoras como fundas de transporte, fundas combi, fundas de lluvia y ponchos. Art\u00edculos esenciales para cada aventura.<\/p>\n<p>Dimensiones: 25 x 45 x 100 cm<br \/>\nContenido: &gt; 75 litros<br \/>\nPeso: 142g<br \/>\nMaterial: poli\u00e9ster antidesgarro 210D<br \/>\nColor: azul celeste<\/p>\n","protected":false},"excerpt":{"rendered":"<p>Este contenedor de vuelo es un producto indispensable para el viajero frecuente, ya que protege su mochila en el aeropuerto y durante&hellip;<\/p>\n","protected":false},"featured_media":44652,"template":"","meta":{"_acf_changed":false},"product_brand":[],"product_cat":[2948,2970],"product_tag":[],"class_list":{"0":"post-45213","1":"product","2":"type-product","3":"status-publish","4":"has-post-thumbnail","6":"product_cat-accesorios-de-viaje","7":"product_cat-transporte-cubiertas-de-lluvia","9":"first","10":"instock","11":"shipping-taxable","12":"purchasable","13":"product-type-simple"},"acf":[],"_links":{"self":[{"href":"https:\/\/travelsafe.nl\/es\/wp-json\/wp\/v2\/product\/45213","targetHints":{"allow":["GET"]}}],"collection":[{"href":"https:\/\/travelsafe.nl\/es\/wp-json\/wp\/v2\/product"}],"about":[{"href":"https:\/\/travelsafe.nl\/es\/wp-json\/wp\/v2\/types\/product"}],"wp:featuredmedia":[{"embeddable":true,"href":"https:\/\/travelsafe.nl\/es\/wp-json\/wp\/v2\/media\/44652"}],"wp:attachment":[{"href":"https:\/\/travelsafe.nl\/es\/wp-json\/wp\/v2\/media?parent=45213"}],"wp:term":[{"taxonomy":"product_brand","embeddable":true,"href":"https:\/\/travelsafe.nl\/es\/wp-json\/wp\/v2\/product_brand?post=45213"},{"taxonomy":"product_cat","embeddable":true,"href":"https:\/\/travelsafe.nl\/es\/wp-json\/wp\/v2\/product_cat?post=45213"},{"taxonomy":"product_tag","embeddable":true,"href":"https:\/\/travelsafe.nl\/es\/wp-json\/wp\/v2\/product_tag?post=45213"}],"curies":[{"name":"wp","href":"https:\/\/api.w.org\/{rel}","templated":true}]}}