{"id":45215,"date":"2023-03-31T09:37:21","date_gmt":"2023-03-31T09:37:21","guid":{"rendered":"https:\/\/travelsafe.nl\/assortiment\/uncategorized\/travelsafe-tropen-kit\/"},"modified":"2023-08-10T09:20:33","modified_gmt":"2023-08-10T09:20:33","slug":"travelsafe-tropen-kit","status":"publish","type":"product","link":"https:\/\/travelsafe.nl\/es\/assortiment\/2-repelente-de-insectos\/repelente-de-insectos-es\/traveldeet-es\/travelsafe-tropen-kit\/","title":{"rendered":"TravelSafe Kit Tr\u00f3picos 40%"},"content":{"rendered":"<p>Un kit tropical es una pieza esencial del kit para cualquier viajero que vaya a zonas c\u00e1lidas y h\u00famedas. El botiqu\u00edn contiene todo lo necesario para hacer frente a los problemas de salud m\u00e1s comunes en los tr\u00f3picos. El kit contiene 1 botella de DEET al 40 %, 1 pr\u00e1ctico mini spray de DEET para llevar en el bolso, loci\u00f3n para aliviar las picaduras cuando todav\u00eda te duele, 5 bolsas de SRO y 5 bolsas de toallitas con alcohol. Estos art\u00edculos est\u00e1n empacados en un pr\u00e1ctico estuche con cerradura con espacio suficiente para otros medicamentos.<\/p>\n<p>DEET es un repelente de insectos muy efectivo y la botella de DEET al 40% es imprescindible para cualquier viajero que vaya a un \u00e1rea tropical. El pr\u00e1ctico mini spray DEET es perfecto para llevar en su bolso cuando est\u00e1 de viaje. Brinda protecci\u00f3n contra mosquitos y otros insectos que pueden transmitir enfermedades como malaria, fiebre amarilla y dengue.<\/p>\n<p>La loci\u00f3n de alivio de mordidas es una loci\u00f3n calmante que alivia el dolor y la picaz\u00f3n asociados con las picaduras de insectos. Esta es una gran adici\u00f3n al aerosol DEET, ya que ayuda a calmarlo si todav\u00eda tiene picaduras.<\/p>\n<p>Las bolsas de SRO son indispensables en todo botiqu\u00edn tropical. Es importante mantenerse hidratado en \u00e1reas c\u00e1lidas y h\u00famedas, y las SRO pueden ayudar a equilibrar los electrolitos en su cuerpo. Las toallitas con alcohol tambi\u00e9n son importantes para limpiar correctamente las manos y la zona picada.<\/p>\n<p>La pr\u00e1ctica bolsa con cerradura mantiene todos los art\u00edculos perfectamente organizados y deja mucho espacio para otros medicamentos que puedan ser necesarios.<\/p>\n<p>Ya sea que est\u00e9 planeando una estad\u00eda corta o larga en un \u00e1rea tropical, un kit tropical con estos art\u00edculos lo ayudar\u00e1 a protegerse contra enfermedades y molestias durante su viaje.<\/p>\n","protected":false},"excerpt":{"rendered":"<p>Un kit tropical es una pieza esencial del kit para cualquier viajero que vaya a zonas c\u00e1lidas y h\u00famedas. El botiqu\u00edn contiene&hellip;<\/p>\n","protected":false},"featured_media":44931,"template":"","meta":{"_acf_changed":false},"product_brand":[],"product_cat":[2964,2961,2962],"product_tag":[],"class_list":{"0":"post-45215","1":"product","2":"type-product","3":"status-publish","4":"has-post-thumbnail","6":"product_cat-despues-de-la-mordida","7":"product_cat-repelente-de-insectos-es","8":"product_cat-traveldeet-es","10":"first","11":"instock","12":"shipping-taxable","13":"product-type-simple"},"acf":[],"_links":{"self":[{"href":"https:\/\/travelsafe.nl\/es\/wp-json\/wp\/v2\/product\/45215","targetHints":{"allow":["GET"]}}],"collection":[{"href":"https:\/\/travelsafe.nl\/es\/wp-json\/wp\/v2\/product"}],"about":[{"href":"https:\/\/travelsafe.nl\/es\/wp-json\/wp\/v2\/types\/product"}],"wp:featuredmedia":[{"embeddable":true,"href":"https:\/\/travelsafe.nl\/es\/wp-json\/wp\/v2\/media\/44931"}],"wp:attachment":[{"href":"https:\/\/travelsafe.nl\/es\/wp-json\/wp\/v2\/media?parent=45215"}],"wp:term":[{"taxonomy":"product_brand","embeddable":true,"href":"https:\/\/travelsafe.nl\/es\/wp-json\/wp\/v2\/product_brand?post=45215"},{"taxonomy":"product_cat","embeddable":true,"href":"https:\/\/travelsafe.nl\/es\/wp-json\/wp\/v2\/product_cat?post=45215"},{"taxonomy":"product_tag","embeddable":true,"href":"https:\/\/travelsafe.nl\/es\/wp-json\/wp\/v2\/product_tag?post=45215"}],"curies":[{"name":"wp","href":"https:\/\/api.w.org\/{rel}","templated":true}]}}