{"id":45223,"date":"2023-07-06T14:40:00","date_gmt":"2023-07-06T14:40:00","guid":{"rendered":"https:\/\/travelsafe.nl\/assortiment\/uncategorized\/un-travelsafe-cabeza-mosquitera-basico\/"},"modified":"2023-07-06T14:40:24","modified_gmt":"2023-07-06T14:40:24","slug":"un-travelsafe-cabeza-mosquitera-basico","status":"publish","type":"product","link":"https:\/\/travelsafe.nl\/es\/assortiment\/2-repelente-de-insectos\/mosquitera-para-cabeza\/un-travelsafe-cabeza-mosquitera-basico\/","title":{"rendered":"Un Travelsafe Cabeza Mosquitera &#8211; B\u00e1sico"},"content":{"rendered":"<p>Este HeadNet Mini es ideal para zonas donde se han sufrido de peque\u00f1os insectos. La red es m\u00e1s c\u00f3modo cuando se usa sobre su gorra o sombrero, pero tambi\u00e9n puede ser usado sin una gorra o sombrero. Este HeadNet es ideal para excursionistas y pescadores, pero no es un lujo para llevar con usted cuando se viaja en Escandinavia. Debido a su peque\u00f1o tama\u00f1o, es f\u00e1cil de llevar. Y debido a que se utiliza tan cerca de la piel, no se impregna.<\/p>\n","protected":false},"excerpt":{"rendered":"<p>Este HeadNet Mini es ideal para zonas donde se han sufrido de peque\u00f1os insectos. La red es m\u00e1s c\u00f3modo cuando se usa&hellip;<\/p>\n","protected":false},"featured_media":42995,"template":"","meta":{"_acf_changed":false},"product_brand":[],"product_cat":[2960,2965],"product_tag":[],"class_list":{"0":"post-45223","1":"product","2":"type-product","3":"status-publish","4":"has-post-thumbnail","6":"product_cat-2-repelente-de-insectos","7":"product_cat-mosquitera-para-cabeza","9":"first","10":"instock","11":"purchasable","12":"product-type-simple"},"acf":[],"_links":{"self":[{"href":"https:\/\/travelsafe.nl\/es\/wp-json\/wp\/v2\/product\/45223","targetHints":{"allow":["GET"]}}],"collection":[{"href":"https:\/\/travelsafe.nl\/es\/wp-json\/wp\/v2\/product"}],"about":[{"href":"https:\/\/travelsafe.nl\/es\/wp-json\/wp\/v2\/types\/product"}],"wp:featuredmedia":[{"embeddable":true,"href":"https:\/\/travelsafe.nl\/es\/wp-json\/wp\/v2\/media\/42995"}],"wp:attachment":[{"href":"https:\/\/travelsafe.nl\/es\/wp-json\/wp\/v2\/media?parent=45223"}],"wp:term":[{"taxonomy":"product_brand","embeddable":true,"href":"https:\/\/travelsafe.nl\/es\/wp-json\/wp\/v2\/product_brand?post=45223"},{"taxonomy":"product_cat","embeddable":true,"href":"https:\/\/travelsafe.nl\/es\/wp-json\/wp\/v2\/product_cat?post=45223"},{"taxonomy":"product_tag","embeddable":true,"href":"https:\/\/travelsafe.nl\/es\/wp-json\/wp\/v2\/product_tag?post=45223"}],"curies":[{"name":"wp","href":"https:\/\/api.w.org\/{rel}","templated":true}]}}