{"id":45225,"date":"2023-07-06T14:58:36","date_gmt":"2023-07-06T14:58:36","guid":{"rendered":"https:\/\/travelsafe.nl\/assortiment\/uncategorized\/travelsafe-cleansing-gel-29-ml\/"},"modified":"2023-07-07T07:34:05","modified_gmt":"2023-07-07T07:34:05","slug":"travelsafe-cleansing-gel-29-ml","status":"publish","type":"product","link":"https:\/\/travelsafe.nl\/es\/assortiment\/4-esenciales-de-viaje\/gezondheid-reisbenodigdheden-es\/travelsafe-cleansing-gel-29-ml\/","title":{"rendered":"TravelSafe Cleansing gel &#8211; 29 ml"},"content":{"rendered":"<p>El gel limpiador TravelSafe no solo es muy higi\u00e9nico y pr\u00e1ctico de usar, sino que puede usarlo para m\u00faltiples prop\u00f3sitos. Debido al efecto antibacteriano del Gel limpiador, puede limpiar sus manos principalmente sin usar agua.<\/p>\n<p>Tama\u00f1o peque\u00f1o muy pr\u00e1ctico para llevar f\u00e1cilmente en el bolso.<\/p>\n<p>Envasado en un bol con 50 piezas.<\/p>\n<p>Peso: 37g<br \/>\nContenido: 29ml<\/p>\n","protected":false},"excerpt":{"rendered":"<p>El gel limpiador TravelSafe no solo es muy higi\u00e9nico y pr\u00e1ctico de usar, sino que puede usarlo para m\u00faltiples prop\u00f3sitos. Debido al&hellip;<\/p>\n","protected":false},"featured_media":44773,"template":"","meta":{"_acf_changed":false},"product_brand":[],"product_cat":[2686,2935],"product_tag":[],"class_list":{"0":"post-45225","1":"product","2":"type-product","3":"status-publish","4":"has-post-thumbnail","6":"product_cat-4-esenciales-de-viaje","7":"product_cat-gezondheid-reisbenodigdheden-es","9":"first","10":"instock","11":"shipping-taxable","12":"purchasable","13":"product-type-simple"},"acf":[],"_links":{"self":[{"href":"https:\/\/travelsafe.nl\/es\/wp-json\/wp\/v2\/product\/45225","targetHints":{"allow":["GET"]}}],"collection":[{"href":"https:\/\/travelsafe.nl\/es\/wp-json\/wp\/v2\/product"}],"about":[{"href":"https:\/\/travelsafe.nl\/es\/wp-json\/wp\/v2\/types\/product"}],"wp:featuredmedia":[{"embeddable":true,"href":"https:\/\/travelsafe.nl\/es\/wp-json\/wp\/v2\/media\/44773"}],"wp:attachment":[{"href":"https:\/\/travelsafe.nl\/es\/wp-json\/wp\/v2\/media?parent=45225"}],"wp:term":[{"taxonomy":"product_brand","embeddable":true,"href":"https:\/\/travelsafe.nl\/es\/wp-json\/wp\/v2\/product_brand?post=45225"},{"taxonomy":"product_cat","embeddable":true,"href":"https:\/\/travelsafe.nl\/es\/wp-json\/wp\/v2\/product_cat?post=45225"},{"taxonomy":"product_tag","embeddable":true,"href":"https:\/\/travelsafe.nl\/es\/wp-json\/wp\/v2\/product_tag?post=45225"}],"curies":[{"name":"wp","href":"https:\/\/api.w.org\/{rel}","templated":true}]}}