{"id":45241,"date":"2020-05-04T12:02:31","date_gmt":"2020-05-04T12:02:31","guid":{"rendered":"https:\/\/travelsafe.nl\/assortiment\/uncategorized\/combipack-cover-transporthoes-m-fluo-groen-nieuw\/"},"modified":"2023-07-07T07:49:33","modified_gmt":"2023-07-07T07:49:33","slug":"combipack-cover-transporthoes-m-fluo-groen-nieuw","status":"publish","type":"product","link":"https:\/\/travelsafe.nl\/es\/assortiment\/4-esenciales-de-viaje\/bolsas-de-viaje\/transporte-cubiertas-de-lluvia\/combipack-cover-transporthoes-m-fluo-groen-nieuw\/","title":{"rendered":"Combipack Cover Funda de transporte M &#8211; Verde fluo &#8211; NUEVO"},"content":{"rendered":"<p>La funda TravelSafe combipack es una combinaci\u00f3n de funda impermeable y funda de transporte en una. Esto le permite cerrar completamente su mochila durante su viaje. La cubierta combinada est\u00e1 sellada a prueba de agua, est\u00e1 hecha de un material liviano y se puede plegar en un paquete peque\u00f1o. \u00a1Adecuado para mochilas de hasta 55 litros!<\/p>\n<p>(Consejo: \u00a1utilice siempre un candado TSA TravelSafe para cerrar de forma segura la cubierta combinada!)<\/p>\n<p>TravelSafe ofrece una amplia colecci\u00f3n de fundas protectoras como fundas de transporte, fundas combinadas, fundas para la lluvia y ponchos. Art\u00edculos esenciales para cada aventura.<\/p>\n<p>Dimensiones: 39 x 37 x 65 cm<br \/>\nContenido: &lt; 55 litros<br \/>\nPeso: 195g<br \/>\nMaterial: poli\u00e9ster antidesgarro 210D<br \/>\nColor: Verde fl\u00faor<\/p>\n","protected":false},"excerpt":{"rendered":"<p>La funda TravelSafe combipack es una combinaci\u00f3n de funda impermeable y funda de transporte en una. Esto le permite cerrar completamente su&hellip;<\/p>\n","protected":false},"featured_media":44655,"template":"","meta":{"_acf_changed":false},"product_brand":[],"product_cat":[2686,2953,2970],"product_tag":[],"class_list":{"0":"post-45241","1":"product","2":"type-product","3":"status-publish","4":"has-post-thumbnail","6":"product_cat-4-esenciales-de-viaje","7":"product_cat-bolsas-de-viaje","8":"product_cat-transporte-cubiertas-de-lluvia","10":"first","11":"instock","12":"shipping-taxable","13":"purchasable","14":"product-type-simple"},"acf":[],"_links":{"self":[{"href":"https:\/\/travelsafe.nl\/es\/wp-json\/wp\/v2\/product\/45241","targetHints":{"allow":["GET"]}}],"collection":[{"href":"https:\/\/travelsafe.nl\/es\/wp-json\/wp\/v2\/product"}],"about":[{"href":"https:\/\/travelsafe.nl\/es\/wp-json\/wp\/v2\/types\/product"}],"wp:featuredmedia":[{"embeddable":true,"href":"https:\/\/travelsafe.nl\/es\/wp-json\/wp\/v2\/media\/44655"}],"wp:attachment":[{"href":"https:\/\/travelsafe.nl\/es\/wp-json\/wp\/v2\/media?parent=45241"}],"wp:term":[{"taxonomy":"product_brand","embeddable":true,"href":"https:\/\/travelsafe.nl\/es\/wp-json\/wp\/v2\/product_brand?post=45241"},{"taxonomy":"product_cat","embeddable":true,"href":"https:\/\/travelsafe.nl\/es\/wp-json\/wp\/v2\/product_cat?post=45241"},{"taxonomy":"product_tag","embeddable":true,"href":"https:\/\/travelsafe.nl\/es\/wp-json\/wp\/v2\/product_tag?post=45241"}],"curies":[{"name":"wp","href":"https:\/\/api.w.org\/{rel}","templated":true}]}}