{"id":45252,"date":"2020-04-30T14:40:51","date_gmt":"2020-04-30T14:40:51","guid":{"rendered":"https:\/\/travelsafe.nl\/assortiment\/uncategorized\/waterbag-met-drinkslang-2-liter\/"},"modified":"2023-11-21T07:55:25","modified_gmt":"2023-11-21T07:55:25","slug":"waterbag-met-drinkslang-2-liter","status":"publish","type":"product","link":"https:\/\/travelsafe.nl\/es\/assortiment\/4-esenciales-de-viaje\/bolsas-de-viaje\/mochilas\/waterbag-met-drinkslang-2-liter\/","title":{"rendered":"Bolsa de agua con tubo para beber &#8211; 2 litros"},"content":{"rendered":"<p>Durante todas las actividades al aire libre es importante beber suficiente agua para prevenir la deshidrataci\u00f3n. Se ha demostrado que beber regularmente por medio de una bolsa de agua es mejor para su equilibrio de humedad que beber de una botella solo unas pocas veces por hora. Nuestras bolsas de agua son muy resistentes y duraderas. La gran abertura facilita la limpieza de la bolsa. El tubo largo para beber hace que sea f\u00e1cil encontrar un lugar en tu mochila o bolso. La bolsa de agua tiene un volumen de 2 litros. La v\u00e1lvula de mordida se cierra autom\u00e1ticamente despu\u00e9s de su uso. La manguera est\u00e1 unida a la parte inferior de la bolsa de agua.<\/p>\n<p>TravelSafe se especializa en traer art\u00edculos funcionales livianos que hacen que el viajero se sienta lo m\u00e1s c\u00f3modo posible.<\/p>\n<p>Dimensiones: 39 x 17,5 x 2 cm<br \/>\nLongitud de la manguera: \u00b1 100 cm<br \/>\nContenido: 2 litros<br \/>\nPeso:\u00a0\u00a0\u00b1 140 g<br \/>\nMaterial: TPU<br \/>\nColor: Azul<\/p>\n","protected":false},"excerpt":{"rendered":"<p>Durante todas las actividades al aire libre es importante beber suficiente agua para prevenir la deshidrataci\u00f3n. Se ha demostrado que beber regularmente&hellip;<\/p>\n","protected":false},"featured_media":44635,"template":"","meta":{"_acf_changed":false},"product_brand":[],"product_cat":[2969,2972],"product_tag":[],"class_list":{"0":"post-45252","1":"product","2":"type-product","3":"status-publish","4":"has-post-thumbnail","6":"product_cat-mochilas","7":"product_cat-sacos-impermeables","9":"first","10":"instock","11":"shipping-taxable","12":"purchasable","13":"product-type-simple"},"acf":[],"_links":{"self":[{"href":"https:\/\/travelsafe.nl\/es\/wp-json\/wp\/v2\/product\/45252","targetHints":{"allow":["GET"]}}],"collection":[{"href":"https:\/\/travelsafe.nl\/es\/wp-json\/wp\/v2\/product"}],"about":[{"href":"https:\/\/travelsafe.nl\/es\/wp-json\/wp\/v2\/types\/product"}],"wp:featuredmedia":[{"embeddable":true,"href":"https:\/\/travelsafe.nl\/es\/wp-json\/wp\/v2\/media\/44635"}],"wp:attachment":[{"href":"https:\/\/travelsafe.nl\/es\/wp-json\/wp\/v2\/media?parent=45252"}],"wp:term":[{"taxonomy":"product_brand","embeddable":true,"href":"https:\/\/travelsafe.nl\/es\/wp-json\/wp\/v2\/product_brand?post=45252"},{"taxonomy":"product_cat","embeddable":true,"href":"https:\/\/travelsafe.nl\/es\/wp-json\/wp\/v2\/product_cat?post=45252"},{"taxonomy":"product_tag","embeddable":true,"href":"https:\/\/travelsafe.nl\/es\/wp-json\/wp\/v2\/product_tag?post=45252"}],"curies":[{"name":"wp","href":"https:\/\/api.w.org\/{rel}","templated":true}]}}