{"id":45257,"date":"2020-04-30T10:21:34","date_gmt":"2020-04-30T10:21:34","guid":{"rendered":"https:\/\/travelsafe.nl\/assortiment\/uncategorized\/street-life-heuptas-l-lime\/"},"modified":"2023-07-07T08:04:45","modified_gmt":"2023-07-07T08:04:45","slug":"street-life-heuptas-l-lime","status":"publish","type":"product","link":"https:\/\/travelsafe.nl\/es\/assortiment\/4-esenciales-de-viaje\/bolsas-de-viaje\/bolsas-de-cintura\/street-life-heuptas-l-lime\/","title":{"rendered":"Ri\u00f1onera Street Life \u2013 L \u2013 Lima"},"content":{"rendered":"<p>Ri\u00f1onera grande con un espacioso compartimento principal. Bolsillo especial para botella. 2 bolsillos laterales con cremallera. Paquete de 2 correas en la parte delantera para guardar f\u00e1cilmente una chaqueta. El cintur\u00f3n de cadera se puede ocultar por completo para que la bolsa se pueda usar como una bandolera. Ideal para usar durante viajes largos de un d\u00eda o viajes a la ciudad donde prefieres no llevar mochila. Esta pr\u00e1ctica ri\u00f1onera tambi\u00e9n est\u00e1 disponible en azul (TS2061.0600) o negro (TS2061.0100).<\/p>\n<p>TravelSafe se especializa en traer art\u00edculos funcionales livianos que hacen que el viajero se sienta lo m\u00e1s c\u00f3modo posible.<\/p>\n<p>Dimensiones: 30 x 12 x 20 cm<br \/>\nPeso: 345g<br \/>\nMaterial: 100 % poli\u00e9ster resistente al desgarro con diamantes<br \/>\nColor: Lima<\/p>\n","protected":false},"excerpt":{"rendered":"<p>Ri\u00f1onera grande con un espacioso compartimento principal. Bolsillo especial para botella. 2 bolsillos laterales con cremallera. Paquete de 2 correas en la&hellip;<\/p>\n","protected":false},"featured_media":44609,"template":"","meta":{"_acf_changed":false},"product_brand":[],"product_cat":[2953,2958],"product_tag":[],"class_list":{"0":"post-45257","1":"product","2":"type-product","3":"status-publish","4":"has-post-thumbnail","6":"product_cat-bolsas-de-viaje","7":"product_cat-bolsas-de-cintura","9":"first","10":"instock","11":"shipping-taxable","12":"purchasable","13":"product-type-simple"},"acf":[],"_links":{"self":[{"href":"https:\/\/travelsafe.nl\/es\/wp-json\/wp\/v2\/product\/45257","targetHints":{"allow":["GET"]}}],"collection":[{"href":"https:\/\/travelsafe.nl\/es\/wp-json\/wp\/v2\/product"}],"about":[{"href":"https:\/\/travelsafe.nl\/es\/wp-json\/wp\/v2\/types\/product"}],"wp:featuredmedia":[{"embeddable":true,"href":"https:\/\/travelsafe.nl\/es\/wp-json\/wp\/v2\/media\/44609"}],"wp:attachment":[{"href":"https:\/\/travelsafe.nl\/es\/wp-json\/wp\/v2\/media?parent=45257"}],"wp:term":[{"taxonomy":"product_brand","embeddable":true,"href":"https:\/\/travelsafe.nl\/es\/wp-json\/wp\/v2\/product_brand?post=45257"},{"taxonomy":"product_cat","embeddable":true,"href":"https:\/\/travelsafe.nl\/es\/wp-json\/wp\/v2\/product_cat?post=45257"},{"taxonomy":"product_tag","embeddable":true,"href":"https:\/\/travelsafe.nl\/es\/wp-json\/wp\/v2\/product_tag?post=45257"}],"curies":[{"name":"wp","href":"https:\/\/api.w.org\/{rel}","templated":true}]}}