{"id":45267,"date":"2020-04-30T07:19:02","date_gmt":"2020-04-30T07:19:02","guid":{"rendered":"https:\/\/travelsafe.nl\/assortiment\/uncategorized\/street-life-heuptasje-m-zwart\/"},"modified":"2023-07-07T11:21:55","modified_gmt":"2023-07-07T11:21:55","slug":"street-life-heuptasje-m-zwart","status":"publish","type":"product","link":"https:\/\/travelsafe.nl\/es\/assortiment\/4-esenciales-de-viaje\/bolsas-de-viaje\/bolsas-de-cintura\/street-life-heuptasje-m-zwart\/","title":{"rendered":"Ri\u00f1onera Street Life &#8211; M &#8211; Negro"},"content":{"rendered":"<p>Ri\u00f1onera con amplio bolsillo principal y frontal. Compartimento principal con separador y bolsillo adicional con cremallera. Bolsillos de malla (botella de agua) en ambos lados. El cintur\u00f3n de cadera acolchado, con 2 bolsillos con cremallera, est\u00e1 forrado con malla 3D de ventilaci\u00f3n y se puede guardar completamente para usarlo como bandolera. Ideal para uso en largas caminatas\/viajes por la ciudad. Esta pr\u00e1ctica ri\u00f1onera tambi\u00e9n est\u00e1 disponible en azul (TS2060.0600) o verde lima (TS2060.1700).<\/p>\n<p>TravelSafe se especializa en traer art\u00edculos funcionales livianos que hacen que el viajero se sienta lo m\u00e1s c\u00f3modo posible.<\/p>\n<p>Dimensiones: 22 x 8 x 18 cm<br \/>\nPeso: 295g<br \/>\nMaterial: 100 % poli\u00e9ster antidesgarro con diamantes<br \/>\nColor: Negro<\/p>\n","protected":false},"excerpt":{"rendered":"<p>Ri\u00f1onera con amplio bolsillo principal y frontal. Compartimento principal con separador y bolsillo adicional con cremallera. Bolsillos de malla (botella de agua)&hellip;<\/p>\n","protected":false},"featured_media":44565,"template":"","meta":{"_acf_changed":false},"product_brand":[],"product_cat":[2686,2958,2953],"product_tag":[],"class_list":{"0":"post-45267","1":"product","2":"type-product","3":"status-publish","4":"has-post-thumbnail","6":"product_cat-4-esenciales-de-viaje","7":"product_cat-bolsas-de-cintura","8":"product_cat-bolsas-de-viaje","10":"first","11":"instock","12":"shipping-taxable","13":"purchasable","14":"product-type-simple"},"acf":[],"_links":{"self":[{"href":"https:\/\/travelsafe.nl\/es\/wp-json\/wp\/v2\/product\/45267","targetHints":{"allow":["GET"]}}],"collection":[{"href":"https:\/\/travelsafe.nl\/es\/wp-json\/wp\/v2\/product"}],"about":[{"href":"https:\/\/travelsafe.nl\/es\/wp-json\/wp\/v2\/types\/product"}],"wp:featuredmedia":[{"embeddable":true,"href":"https:\/\/travelsafe.nl\/es\/wp-json\/wp\/v2\/media\/44565"}],"wp:attachment":[{"href":"https:\/\/travelsafe.nl\/es\/wp-json\/wp\/v2\/media?parent=45267"}],"wp:term":[{"taxonomy":"product_brand","embeddable":true,"href":"https:\/\/travelsafe.nl\/es\/wp-json\/wp\/v2\/product_brand?post=45267"},{"taxonomy":"product_cat","embeddable":true,"href":"https:\/\/travelsafe.nl\/es\/wp-json\/wp\/v2\/product_cat?post=45267"},{"taxonomy":"product_tag","embeddable":true,"href":"https:\/\/travelsafe.nl\/es\/wp-json\/wp\/v2\/product_tag?post=45267"}],"curies":[{"name":"wp","href":"https:\/\/api.w.org\/{rel}","templated":true}]}}