{"id":45271,"date":"2020-04-29T14:57:21","date_gmt":"2020-04-29T14:57:21","guid":{"rendered":"https:\/\/travelsafe.nl\/assortiment\/uncategorized\/street-life-heuptasje-s-blauw\/"},"modified":"2023-07-07T11:25:45","modified_gmt":"2023-07-07T11:25:45","slug":"street-life-heuptasje-s-blauw","status":"publish","type":"product","link":"https:\/\/travelsafe.nl\/es\/assortiment\/4-esenciales-de-viaje\/bolsas-de-viaje\/bolsas-de-cintura\/street-life-heuptasje-s-blauw\/","title":{"rendered":"Ri\u00f1onera Street Life &#8211; S &#8211; Azul"},"content":{"rendered":"<p>Ri\u00f1onera con 2 grandes bolsillos con cremallera y un bolsillo interior con cremallera. Esta ri\u00f1onera se puede usar en cualquier lugar y en cualquier momento y ofrece un amplio espacio para sus objetos de valor como c\u00e1mara, tel\u00e9fono, dinero, tarjetas y otros art\u00edculos de viaje peque\u00f1os. Esta pr\u00e1ctica ri\u00f1onera tambi\u00e9n est\u00e1 disponible en negro (TS2059.0100) o verde lima (TS2059.1700).<\/p>\n<p>TravelSafe se especializa en traer art\u00edculos funcionales livianos que hacen que el viajero se sienta lo m\u00e1s c\u00f3modo posible.<\/p>\n<p>Dimensiones: 14 x 7 x 19 cm<br \/>\nPeso: 152g<br \/>\nMaterial: 100 % poli\u00e9ster antidesgarro con diamantes<br \/>\nColor: Azul<\/p>\n","protected":false},"excerpt":{"rendered":"<p>Ri\u00f1onera con 2 grandes bolsillos con cremallera y un bolsillo interior con cremallera. Esta ri\u00f1onera se puede usar en cualquier lugar y&hellip;<\/p>\n","protected":false},"featured_media":44557,"template":"","meta":{"_acf_changed":false},"product_brand":[],"product_cat":[2686,2958,2953],"product_tag":[],"class_list":{"0":"post-45271","1":"product","2":"type-product","3":"status-publish","4":"has-post-thumbnail","6":"product_cat-4-esenciales-de-viaje","7":"product_cat-bolsas-de-cintura","8":"product_cat-bolsas-de-viaje","10":"first","11":"instock","12":"shipping-taxable","13":"purchasable","14":"product-type-simple"},"acf":[],"_links":{"self":[{"href":"https:\/\/travelsafe.nl\/es\/wp-json\/wp\/v2\/product\/45271","targetHints":{"allow":["GET"]}}],"collection":[{"href":"https:\/\/travelsafe.nl\/es\/wp-json\/wp\/v2\/product"}],"about":[{"href":"https:\/\/travelsafe.nl\/es\/wp-json\/wp\/v2\/types\/product"}],"wp:featuredmedia":[{"embeddable":true,"href":"https:\/\/travelsafe.nl\/es\/wp-json\/wp\/v2\/media\/44557"}],"wp:attachment":[{"href":"https:\/\/travelsafe.nl\/es\/wp-json\/wp\/v2\/media?parent=45271"}],"wp:term":[{"taxonomy":"product_brand","embeddable":true,"href":"https:\/\/travelsafe.nl\/es\/wp-json\/wp\/v2\/product_brand?post=45271"},{"taxonomy":"product_cat","embeddable":true,"href":"https:\/\/travelsafe.nl\/es\/wp-json\/wp\/v2\/product_cat?post=45271"},{"taxonomy":"product_tag","embeddable":true,"href":"https:\/\/travelsafe.nl\/es\/wp-json\/wp\/v2\/product_tag?post=45271"}],"curies":[{"name":"wp","href":"https:\/\/api.w.org\/{rel}","templated":true}]}}