{"id":45289,"date":"2020-03-11T12:11:59","date_gmt":"2020-03-11T12:11:59","guid":{"rendered":"https:\/\/travelsafe.nl\/assortiment\/uncategorized\/traveltowel-microfibre-s-60x120cm-grijs-3\/"},"modified":"2023-07-07T12:27:52","modified_gmt":"2023-07-07T12:27:52","slug":"traveltowel-microfibre-s-60x120cm-grijs-4","status":"publish","type":"product","link":"https:\/\/travelsafe.nl\/es\/assortiment\/4-esenciales-de-viaje\/toallas-de-viaje-microfibra\/traveltowel-microfibre-s-60x120cm-grijs-4\/","title":{"rendered":"Toalla Microfibra S \u2013 Gris"},"content":{"rendered":"<p>\u00a1La renovada Travel Towel de microfibra est\u00e1 disponible en varios tama\u00f1os y nuevos colores! Estas toallas de viaje son ideales para acampar, hacer caminatas y todas las dem\u00e1s actividades deportivas. S\u00faper absorbente, ligero y fabricado con fibras ultrafinas. Puede absorber hasta 6 veces su peso en agua y seca muy r\u00e1pidamente. Debido a que las toallas se secan r\u00e1pidamente, las bacterias tienen menos posibilidades de crecer. Las toallas vienen en un paquete pr\u00e1ctico y compacto y tienen un pr\u00e1ctico lazo de sujeci\u00f3n.<\/p>\n<p>Colores disponibles: azul, verde, morado, gris.<\/p>\n<p>Tama\u00f1os disponibles: XS \u2013 80&#215;40 cm \/ S &#8211; 60\u00d7120 cm \/ M &#8211; 70\u00d7135 cm \/ L- 85\u00d7150 cm<\/p>\n<p>Las toallas de viaje son ideales para acampar, hacer trekking y todas las dem\u00e1s actividades deportivas. S\u00faper absorbente, ligero y fabricado con fibras ultrafinas. Puede absorber hasta 6 veces su peso en agua. Envase peque\u00f1o, particularmente suave, extremadamente absorbente y de secado r\u00e1pido.<\/p>\n<p>Dimensiones: 120 x 60 cm<br \/>\nPeso: 160g<br \/>\nMaterial: 80% Poli\u00e9ster &#8211; 20% Poliamida<br \/>\nColor: Gris<\/p>\n","protected":false},"excerpt":{"rendered":"<p>\u00a1La renovada Travel Towel de microfibra est\u00e1 disponible en varios tama\u00f1os y nuevos colores! Estas toallas de viaje son ideales para acampar,&hellip;<\/p>\n","protected":false},"featured_media":44270,"template":"","meta":{"_acf_changed":false},"product_brand":[],"product_cat":[2686,2893],"product_tag":[],"class_list":{"0":"post-45289","1":"product","2":"type-product","3":"status-publish","4":"has-post-thumbnail","6":"product_cat-4-esenciales-de-viaje","7":"product_cat-toallas-de-viaje-microfibra","9":"first","10":"instock","11":"shipping-taxable","12":"product-type-simple"},"acf":[],"_links":{"self":[{"href":"https:\/\/travelsafe.nl\/es\/wp-json\/wp\/v2\/product\/45289","targetHints":{"allow":["GET"]}}],"collection":[{"href":"https:\/\/travelsafe.nl\/es\/wp-json\/wp\/v2\/product"}],"about":[{"href":"https:\/\/travelsafe.nl\/es\/wp-json\/wp\/v2\/types\/product"}],"wp:featuredmedia":[{"embeddable":true,"href":"https:\/\/travelsafe.nl\/es\/wp-json\/wp\/v2\/media\/44270"}],"wp:attachment":[{"href":"https:\/\/travelsafe.nl\/es\/wp-json\/wp\/v2\/media?parent=45289"}],"wp:term":[{"taxonomy":"product_brand","embeddable":true,"href":"https:\/\/travelsafe.nl\/es\/wp-json\/wp\/v2\/product_brand?post=45289"},{"taxonomy":"product_cat","embeddable":true,"href":"https:\/\/travelsafe.nl\/es\/wp-json\/wp\/v2\/product_cat?post=45289"},{"taxonomy":"product_tag","embeddable":true,"href":"https:\/\/travelsafe.nl\/es\/wp-json\/wp\/v2\/product_tag?post=45289"}],"curies":[{"name":"wp","href":"https:\/\/api.w.org\/{rel}","templated":true}]}}