{"id":45302,"date":"2019-06-10T23:04:22","date_gmt":"2019-06-10T23:04:22","guid":{"rendered":"https:\/\/travelsafe.nl\/assortiment\/uncategorized\/cleansing-gel\/"},"modified":"2023-07-07T12:44:14","modified_gmt":"2023-07-07T12:44:14","slug":"cleansing-gel","status":"publish","type":"product","link":"https:\/\/travelsafe.nl\/es\/assortiment\/4-esenciales-de-viaje\/gezondheid-reisbenodigdheden-es\/cleansing-gel\/","title":{"rendered":"Gel Limpiador \u2013 118 ml"},"content":{"rendered":"<p>El gel limpiador TravelSafe no solo es muy higi\u00e9nico y pr\u00e1ctico de usar, sino que puede usarlo para m\u00faltiples prop\u00f3sitos. Debido al efecto antibacteriano del Gel limpiador, puede limpiar sus manos principalmente sin usar agua.<\/p>\n<p>Embalado por 6.<\/p>\n<p>Peso: 121g<br \/>\nContenido: 118ml<\/p>\n<p>&nbsp;<\/p>\n","protected":false},"excerpt":{"rendered":"<p>El gel limpiador TravelSafe no solo es muy higi\u00e9nico y pr\u00e1ctico de usar, sino que puede usarlo para m\u00faltiples prop\u00f3sitos. Debido al&hellip;<\/p>\n","protected":false},"featured_media":44220,"template":"","meta":{"_acf_changed":false},"product_brand":[],"product_cat":[2686,2935],"product_tag":[],"class_list":{"0":"post-45302","1":"product","2":"type-product","3":"status-publish","4":"has-post-thumbnail","6":"product_cat-4-esenciales-de-viaje","7":"product_cat-gezondheid-reisbenodigdheden-es","9":"first","10":"instock","11":"purchasable","12":"product-type-simple"},"acf":[],"_links":{"self":[{"href":"https:\/\/travelsafe.nl\/es\/wp-json\/wp\/v2\/product\/45302","targetHints":{"allow":["GET"]}}],"collection":[{"href":"https:\/\/travelsafe.nl\/es\/wp-json\/wp\/v2\/product"}],"about":[{"href":"https:\/\/travelsafe.nl\/es\/wp-json\/wp\/v2\/types\/product"}],"wp:featuredmedia":[{"embeddable":true,"href":"https:\/\/travelsafe.nl\/es\/wp-json\/wp\/v2\/media\/44220"}],"wp:attachment":[{"href":"https:\/\/travelsafe.nl\/es\/wp-json\/wp\/v2\/media?parent=45302"}],"wp:term":[{"taxonomy":"product_brand","embeddable":true,"href":"https:\/\/travelsafe.nl\/es\/wp-json\/wp\/v2\/product_brand?post=45302"},{"taxonomy":"product_cat","embeddable":true,"href":"https:\/\/travelsafe.nl\/es\/wp-json\/wp\/v2\/product_cat?post=45302"},{"taxonomy":"product_tag","embeddable":true,"href":"https:\/\/travelsafe.nl\/es\/wp-json\/wp\/v2\/product_tag?post=45302"}],"curies":[{"name":"wp","href":"https:\/\/api.w.org\/{rel}","templated":true}]}}