{"id":45304,"date":"2019-06-10T23:04:22","date_gmt":"2019-06-10T23:04:22","guid":{"rendered":"https:\/\/travelsafe.nl\/assortiment\/uncategorized\/oordoppen-volwassen-earplanes\/"},"modified":"2023-07-07T12:46:17","modified_gmt":"2023-07-07T12:46:17","slug":"oordoppen-volwassen-earplanes","status":"publish","type":"product","link":"https:\/\/travelsafe.nl\/es\/assortiment\/4-esenciales-de-viaje\/accesorios-de-viaje\/otro-es\/oordoppen-volwassen-earplanes\/","title":{"rendered":"Earplanes &#8211; Protecci\u00f3n Auditiva Adultos"},"content":{"rendered":"<p>\u00bfTienes dolor en los o\u00eddos mientras vuelas? \u00a1Con estos Earplanes ya puedes volar c\u00f3modamente, sin dolor de o\u00eddos! Estos tapones para los o\u00eddos son hipoalerg\u00e9nicos, seguros, c\u00f3modos y suaves, por lo que se pueden llevar c\u00f3modamente. Regulan la presi\u00f3n en los o\u00eddos y tambi\u00e9n tienen un efecto amortiguador del sonido. Se puede usar varias veces y se empaqueta en una pr\u00e1ctica caja de almacenamiento. Los auriculares tambi\u00e9n son adecuados para viajes en tren, autob\u00fas y coche, as\u00ed como para viajes en moto y monta\u00f1a.<\/p>\n<p>Los Earplanes tambi\u00e9n est\u00e1n disponibles para ni\u00f1os (de 1 a 10 a\u00f1os) y adultos con un canal auditivo estrecho (TS84).<\/p>\n<p>Dimensiones: Adultos (&gt;11 a\u00f1os)<br \/>\nPeso:\u00a0 \u00a0\u00a0\u00a0\u00a0\u00a08g<br \/>\nMaterial: \u00a0\u00a0\u00a0\u00a0PVC<\/p>\n","protected":false},"excerpt":{"rendered":"<p>\u00bfTienes dolor en los o\u00eddos mientras vuelas? \u00a1Con estos Earplanes ya puedes volar c\u00f3modamente, sin dolor de o\u00eddos! Estos tapones para los&hellip;<\/p>\n","protected":false},"featured_media":44282,"template":"","meta":{"_acf_changed":false},"product_brand":[],"product_cat":[2686,2948,2951],"product_tag":[],"class_list":{"0":"post-45304","1":"product","2":"type-product","3":"status-publish","4":"has-post-thumbnail","6":"product_cat-4-esenciales-de-viaje","7":"product_cat-accesorios-de-viaje","8":"product_cat-otro-es","10":"first","11":"instock","12":"purchasable","13":"product-type-simple"},"acf":[],"_links":{"self":[{"href":"https:\/\/travelsafe.nl\/es\/wp-json\/wp\/v2\/product\/45304","targetHints":{"allow":["GET"]}}],"collection":[{"href":"https:\/\/travelsafe.nl\/es\/wp-json\/wp\/v2\/product"}],"about":[{"href":"https:\/\/travelsafe.nl\/es\/wp-json\/wp\/v2\/types\/product"}],"wp:featuredmedia":[{"embeddable":true,"href":"https:\/\/travelsafe.nl\/es\/wp-json\/wp\/v2\/media\/44282"}],"wp:attachment":[{"href":"https:\/\/travelsafe.nl\/es\/wp-json\/wp\/v2\/media?parent=45304"}],"wp:term":[{"taxonomy":"product_brand","embeddable":true,"href":"https:\/\/travelsafe.nl\/es\/wp-json\/wp\/v2\/product_brand?post=45304"},{"taxonomy":"product_cat","embeddable":true,"href":"https:\/\/travelsafe.nl\/es\/wp-json\/wp\/v2\/product_cat?post=45304"},{"taxonomy":"product_tag","embeddable":true,"href":"https:\/\/travelsafe.nl\/es\/wp-json\/wp\/v2\/product_tag?post=45304"}],"curies":[{"name":"wp","href":"https:\/\/api.w.org\/{rel}","templated":true}]}}