{"id":45317,"date":"2019-06-10T23:03:43","date_gmt":"2019-06-10T23:03:43","guid":{"rendered":"https:\/\/travelsafe.nl\/assortiment\/uncategorized\/tickpicker\/"},"modified":"2023-07-07T14:11:19","modified_gmt":"2023-07-07T14:11:19","slug":"tickpicker","status":"publish","type":"product","link":"https:\/\/travelsafe.nl\/es\/assortiment\/2-repelente-de-insectos\/despues-de-la-mordida\/tickpicker\/","title":{"rendered":"Tickpicker &#8211; Removedor de garrapatas"},"content":{"rendered":"<p>La forma correcta de eliminar las garrapatas es con el quitagarrapatas de acero inoxidable desarrollado para este fin. La ventaja del acero inoxidable es que las pinzas son f\u00e1ciles de cocinar. La boca es puntiaguda para que las garrapatas j\u00f3venes (ninfas) tambi\u00e9n se puedan quitar f\u00e1cilmente.<\/p>\n<p>Los insectos pueden transmitir diversas enfermedades. Estos incluyen malaria, dengue (fiebre del dengue) y fiebre amarilla. Es importante protegerse contra las picaduras de insectos, tanto de d\u00eda como de noche, utilizando un producto antimosquitos, ropa protectora y mosquitera.<\/p>\n<p>Dimensiones: 7,5 x 11 x 1 cm<br \/>\nPeso: 6g<br \/>\nMaterial: Acero inoxidable<\/p>\n","protected":false},"excerpt":{"rendered":"<p>La forma correcta de eliminar las garrapatas es con el quitagarrapatas de acero inoxidable desarrollado para este fin. La ventaja del acero&hellip;<\/p>\n","protected":false},"featured_media":44135,"template":"","meta":{"_acf_changed":false},"product_brand":[],"product_cat":[2960,2964],"product_tag":[],"class_list":{"0":"post-45317","1":"product","2":"type-product","3":"status-publish","4":"has-post-thumbnail","6":"product_cat-2-repelente-de-insectos","7":"product_cat-despues-de-la-mordida","9":"first","10":"instock","11":"purchasable","12":"product-type-simple"},"acf":[],"_links":{"self":[{"href":"https:\/\/travelsafe.nl\/es\/wp-json\/wp\/v2\/product\/45317","targetHints":{"allow":["GET"]}}],"collection":[{"href":"https:\/\/travelsafe.nl\/es\/wp-json\/wp\/v2\/product"}],"about":[{"href":"https:\/\/travelsafe.nl\/es\/wp-json\/wp\/v2\/types\/product"}],"wp:featuredmedia":[{"embeddable":true,"href":"https:\/\/travelsafe.nl\/es\/wp-json\/wp\/v2\/media\/44135"}],"wp:attachment":[{"href":"https:\/\/travelsafe.nl\/es\/wp-json\/wp\/v2\/media?parent=45317"}],"wp:term":[{"taxonomy":"product_brand","embeddable":true,"href":"https:\/\/travelsafe.nl\/es\/wp-json\/wp\/v2\/product_brand?post=45317"},{"taxonomy":"product_cat","embeddable":true,"href":"https:\/\/travelsafe.nl\/es\/wp-json\/wp\/v2\/product_cat?post=45317"},{"taxonomy":"product_tag","embeddable":true,"href":"https:\/\/travelsafe.nl\/es\/wp-json\/wp\/v2\/product_tag?post=45317"}],"curies":[{"name":"wp","href":"https:\/\/api.w.org\/{rel}","templated":true}]}}