{"id":45322,"date":"2020-03-04T15:12:36","date_gmt":"2020-03-04T15:12:36","guid":{"rendered":"https:\/\/travelsafe.nl\/assortiment\/uncategorized\/family-pack-deet-40\/"},"modified":"2026-02-19T09:34:08","modified_gmt":"2026-02-19T09:34:08","slug":"family-pack-deet-40","status":"publish","type":"product","link":"https:\/\/travelsafe.nl\/es\/assortiment\/2-repelente-de-insectos\/repelente-de-insectos-es\/traveldeet-es\/family-pack-deet-40\/","title":{"rendered":"TravelSafe Paquete familiar DEET 40% &#8211; 200 ml + 60 ml"},"content":{"rendered":"<p>Consta de 1 x DEET 200ml + 1 x DEET 60ml. TravelDEET te protege contra mosquitos europeos y tropicales, t\u00e1banos, t\u00e1banos, \u00e1caros oto\u00f1ales, fleb\u00f3tomos y garrapatas. El ingrediente activo de TravelDeet es dietil-m-toluamida (DEET). TravelDeet est\u00e1 disponible como spray con 40 % o 50 % de Deet, que es extra potente para una protecci\u00f3n duradera de hasta 10 horas.<\/p>\n<p>\u00a1Ahora tambi\u00e9n disponible en un paquete combinado asequible por 29,95 \u20ac en lugar de 31,95 \u20ac! Ideal para uso de toda la familia y\/o durante largas vacaciones.<\/p>\n<p>Los insectos pueden transmitir diversas enfermedades. Estos incluyen malaria, dengue (fiebre del dengue) y fiebre amarilla. Es importante protegerse contra las picaduras de insectos, tanto de d\u00eda como de noche, utilizando un producto antimosquitos, ropa protectora y mosquitera.<\/p>\n<p>Contenido:\u00a0 \u00a0 \u00a0 \u00a0 \u00a0 60 ml + 200 ml<br \/>\nIngrediente: 40% dietil-m-toluamida (DEET)<\/p>\n","protected":false},"excerpt":{"rendered":"<p>Consta de 1 x DEET 200ml + 1 x DEET 60ml. TravelDEET te protege contra mosquitos europeos y tropicales, t\u00e1banos, t\u00e1banos, \u00e1caros&hellip;<\/p>\n","protected":false},"featured_media":44210,"template":"","meta":{"_acf_changed":false},"product_brand":[],"product_cat":[2960,2961,2962],"product_tag":[],"class_list":{"0":"post-45322","1":"product","2":"type-product","3":"status-publish","4":"has-post-thumbnail","6":"product_cat-2-repelente-de-insectos","7":"product_cat-repelente-de-insectos-es","8":"product_cat-traveldeet-es","10":"first","11":"instock","12":"shipping-taxable","13":"purchasable","14":"product-type-simple"},"acf":[],"_links":{"self":[{"href":"https:\/\/travelsafe.nl\/es\/wp-json\/wp\/v2\/product\/45322","targetHints":{"allow":["GET"]}}],"collection":[{"href":"https:\/\/travelsafe.nl\/es\/wp-json\/wp\/v2\/product"}],"about":[{"href":"https:\/\/travelsafe.nl\/es\/wp-json\/wp\/v2\/types\/product"}],"wp:featuredmedia":[{"embeddable":true,"href":"https:\/\/travelsafe.nl\/es\/wp-json\/wp\/v2\/media\/44210"}],"wp:attachment":[{"href":"https:\/\/travelsafe.nl\/es\/wp-json\/wp\/v2\/media?parent=45322"}],"wp:term":[{"taxonomy":"product_brand","embeddable":true,"href":"https:\/\/travelsafe.nl\/es\/wp-json\/wp\/v2\/product_brand?post=45322"},{"taxonomy":"product_cat","embeddable":true,"href":"https:\/\/travelsafe.nl\/es\/wp-json\/wp\/v2\/product_cat?post=45322"},{"taxonomy":"product_tag","embeddable":true,"href":"https:\/\/travelsafe.nl\/es\/wp-json\/wp\/v2\/product_tag?post=45322"}],"curies":[{"name":"wp","href":"https:\/\/api.w.org\/{rel}","templated":true}]}}