{"id":45327,"date":"2019-06-10T23:03:31","date_gmt":"2019-06-10T23:03:31","guid":{"rendered":"https:\/\/travelsafe.nl\/assortiment\/uncategorized\/nekkussen-grijs-opblaasbaar\/"},"modified":"2023-07-11T11:28:22","modified_gmt":"2023-07-11T11:28:22","slug":"nekkussen-grijs-opblaasbaar","status":"publish","type":"product","link":"https:\/\/travelsafe.nl\/es\/assortiment\/4-esenciales-de-viaje\/accesorios-de-viaje\/almohada-de-cuello\/nekkussen-grijs-opblaasbaar\/","title":{"rendered":"Almohada inflable para el cuello con reposacabezas"},"content":{"rendered":"<p>Almohada de viaje inflable compacta con reposacabezas. \u00a1\u00dasala en tus viajes en autob\u00fas, coche, tren o avi\u00f3n, y\/o como almohada adicional en tu destino de vacaciones!<\/p>\n<p>Dimensiones: 28 x 42 cm Peso: 69 g Material: PVC flocado Color: Gris<\/p>\n","protected":false},"excerpt":{"rendered":"<p>Almohada de viaje inflable compacta con reposacabezas. \u00a1\u00dasala en tus viajes en autob\u00fas, coche, tren o avi\u00f3n, y\/o como almohada adicional en&hellip;<\/p>\n","protected":false},"featured_media":44121,"template":"","meta":{"_acf_changed":false},"product_brand":[],"product_cat":[2686,2948,2950],"product_tag":[],"class_list":{"0":"post-45327","1":"product","2":"type-product","3":"status-publish","4":"has-post-thumbnail","6":"product_cat-4-esenciales-de-viaje","7":"product_cat-accesorios-de-viaje","8":"product_cat-almohada-de-cuello","10":"first","11":"instock","12":"purchasable","13":"product-type-simple"},"acf":[],"_links":{"self":[{"href":"https:\/\/travelsafe.nl\/es\/wp-json\/wp\/v2\/product\/45327","targetHints":{"allow":["GET"]}}],"collection":[{"href":"https:\/\/travelsafe.nl\/es\/wp-json\/wp\/v2\/product"}],"about":[{"href":"https:\/\/travelsafe.nl\/es\/wp-json\/wp\/v2\/types\/product"}],"wp:featuredmedia":[{"embeddable":true,"href":"https:\/\/travelsafe.nl\/es\/wp-json\/wp\/v2\/media\/44121"}],"wp:attachment":[{"href":"https:\/\/travelsafe.nl\/es\/wp-json\/wp\/v2\/media?parent=45327"}],"wp:term":[{"taxonomy":"product_brand","embeddable":true,"href":"https:\/\/travelsafe.nl\/es\/wp-json\/wp\/v2\/product_brand?post=45327"},{"taxonomy":"product_cat","embeddable":true,"href":"https:\/\/travelsafe.nl\/es\/wp-json\/wp\/v2\/product_cat?post=45327"},{"taxonomy":"product_tag","embeddable":true,"href":"https:\/\/travelsafe.nl\/es\/wp-json\/wp\/v2\/product_tag?post=45327"}],"curies":[{"name":"wp","href":"https:\/\/api.w.org\/{rel}","templated":true}]}}