{"id":45330,"date":"2019-06-10T23:03:31","date_gmt":"2019-06-10T23:03:31","guid":{"rendered":"https:\/\/travelsafe.nl\/assortiment\/uncategorized\/ors-lepel\/"},"modified":"2023-07-11T11:33:12","modified_gmt":"2023-07-11T11:33:12","slug":"ors-lepel","status":"publish","type":"product","link":"https:\/\/travelsafe.nl\/es\/assortiment\/4-esenciales-de-viaje\/gezondheid-reisbenodigdheden-es\/ors-lepel\/","title":{"rendered":"Cuchara de ORS"},"content":{"rendered":"<p>Con la cuchara ORS puedes preparar f\u00e1cilmente tu propia soluci\u00f3n de rehidrataci\u00f3n oral (ORS). En la cuchara se indica la cantidad de sal y az\u00facar necesaria, as\u00ed como la cantidad de agua mineral sin gas previamente hervida en la que debe disolverse.<\/p>\n<p>Peso: 8 g Color: Naranja<\/p>\n","protected":false},"excerpt":{"rendered":"<p>Con la cuchara ORS puedes preparar f\u00e1cilmente tu propia soluci\u00f3n de rehidrataci\u00f3n oral (ORS). En la cuchara se indica la cantidad de&hellip;<\/p>\n","protected":false},"featured_media":44123,"template":"","meta":{"_acf_changed":false},"product_brand":[],"product_cat":[2686,2935],"product_tag":[],"class_list":{"0":"post-45330","1":"product","2":"type-product","3":"status-publish","4":"has-post-thumbnail","6":"product_cat-4-esenciales-de-viaje","7":"product_cat-gezondheid-reisbenodigdheden-es","9":"first","10":"instock","11":"purchasable","12":"product-type-simple"},"acf":[],"_links":{"self":[{"href":"https:\/\/travelsafe.nl\/es\/wp-json\/wp\/v2\/product\/45330","targetHints":{"allow":["GET"]}}],"collection":[{"href":"https:\/\/travelsafe.nl\/es\/wp-json\/wp\/v2\/product"}],"about":[{"href":"https:\/\/travelsafe.nl\/es\/wp-json\/wp\/v2\/types\/product"}],"wp:featuredmedia":[{"embeddable":true,"href":"https:\/\/travelsafe.nl\/es\/wp-json\/wp\/v2\/media\/44123"}],"wp:attachment":[{"href":"https:\/\/travelsafe.nl\/es\/wp-json\/wp\/v2\/media?parent=45330"}],"wp:term":[{"taxonomy":"product_brand","embeddable":true,"href":"https:\/\/travelsafe.nl\/es\/wp-json\/wp\/v2\/product_brand?post=45330"},{"taxonomy":"product_cat","embeddable":true,"href":"https:\/\/travelsafe.nl\/es\/wp-json\/wp\/v2\/product_cat?post=45330"},{"taxonomy":"product_tag","embeddable":true,"href":"https:\/\/travelsafe.nl\/es\/wp-json\/wp\/v2\/product_tag?post=45330"}],"curies":[{"name":"wp","href":"https:\/\/api.w.org\/{rel}","templated":true}]}}