{"id":45338,"date":"2019-06-10T23:03:20","date_gmt":"2019-06-10T23:03:20","guid":{"rendered":"https:\/\/travelsafe.nl\/assortiment\/uncategorized\/mondkapje\/"},"modified":"2023-07-11T11:48:38","modified_gmt":"2023-07-11T11:48:38","slug":"mondkapje","status":"publish","type":"product","link":"https:\/\/travelsafe.nl\/es\/assortiment\/4-esenciales-de-viaje\/gezondheid-reisbenodigdheden-es\/otro\/mondkapje\/","title":{"rendered":"Mascarilla"},"content":{"rendered":"<p>Las mascarillas FFP2 tienen una forma de pico de pato, lo que les permite ajustarse perfectamente y ser c\u00f3modas de llevar. FFP2 es la clasificaci\u00f3n de calidad que indica que tambi\u00e9n se retienen las part\u00edculas m\u00e1s finas. Estas mascarillas FFP2 de TravelSafe est\u00e1n marcadas con el s\u00edmbolo CE y cumplen con todos los requisitos.<\/p>\n<p>\u00a1Se entregan en cajas de 10 unidades! Precio por mascarilla: 4,99 \u20ac.<\/p>\n","protected":false},"excerpt":{"rendered":"<p>Las mascarillas FFP2 tienen una forma de pico de pato, lo que les permite ajustarse perfectamente y ser c\u00f3modas de llevar. FFP2&hellip;<\/p>\n","protected":false},"featured_media":44722,"template":"","meta":{"_acf_changed":false},"product_brand":[],"product_cat":[2686,2935,2946],"product_tag":[],"class_list":{"0":"post-45338","1":"product","2":"type-product","3":"status-publish","4":"has-post-thumbnail","6":"product_cat-4-esenciales-de-viaje","7":"product_cat-gezondheid-reisbenodigdheden-es","8":"product_cat-otro","10":"first","11":"instock","12":"purchasable","13":"product-type-simple"},"acf":[],"_links":{"self":[{"href":"https:\/\/travelsafe.nl\/es\/wp-json\/wp\/v2\/product\/45338","targetHints":{"allow":["GET"]}}],"collection":[{"href":"https:\/\/travelsafe.nl\/es\/wp-json\/wp\/v2\/product"}],"about":[{"href":"https:\/\/travelsafe.nl\/es\/wp-json\/wp\/v2\/types\/product"}],"wp:featuredmedia":[{"embeddable":true,"href":"https:\/\/travelsafe.nl\/es\/wp-json\/wp\/v2\/media\/44722"}],"wp:attachment":[{"href":"https:\/\/travelsafe.nl\/es\/wp-json\/wp\/v2\/media?parent=45338"}],"wp:term":[{"taxonomy":"product_brand","embeddable":true,"href":"https:\/\/travelsafe.nl\/es\/wp-json\/wp\/v2\/product_brand?post=45338"},{"taxonomy":"product_cat","embeddable":true,"href":"https:\/\/travelsafe.nl\/es\/wp-json\/wp\/v2\/product_cat?post=45338"},{"taxonomy":"product_tag","embeddable":true,"href":"https:\/\/travelsafe.nl\/es\/wp-json\/wp\/v2\/product_tag?post=45338"}],"curies":[{"name":"wp","href":"https:\/\/api.w.org\/{rel}","templated":true}]}}