{"id":45346,"date":"2019-06-10T23:03:09","date_gmt":"2019-06-10T23:03:09","guid":{"rendered":"https:\/\/travelsafe.nl\/assortiment\/uncategorized\/terry-traveltowel-large-135x70cm-groen\/"},"modified":"2023-07-11T12:08:42","modified_gmt":"2023-07-11T12:08:42","slug":"terry-traveltowel-large-135x70cm-groen","status":"publish","type":"product","link":"https:\/\/travelsafe.nl\/es\/assortiment\/4-esenciales-de-viaje\/toallas-de-viaje-microfibra\/terry-traveltowel-large-135x70cm-groen\/","title":{"rendered":"Toalla de microfibra Terry L &#8211; gris\/naranja"},"content":{"rendered":"<p>Esta tela extra suave y agradable es muy absorbente, al igual que las dem\u00e1s Travel Towels de TravelSafe. Gracias a su microfibra, la toalla se puede plegar en un tama\u00f1o muy peque\u00f1o y es f\u00e1cil de llevar en tus viajes.<\/p>\n<p>Colores disponibles: antracita con ribete verde o antracita con ribete naranja.<\/p>\n<p>Tama\u00f1os disponibles: L &#8211; 135\u00d770 cm \/ XL &#8211; 150&#215;85 cm<\/p>\n<p>Las Travel Towels son ideales para acampar, hacer senderismo y todas las dem\u00e1s actividades deportivas. Son s\u00faper absorbentes, ligeras y est\u00e1n hechas de fibras ultrafinas. Pueden absorber hasta 6 veces su peso en agua. Tienen un empaque peque\u00f1o, son extremadamente suaves, muy absorbentes y se secan r\u00e1pidamente.<\/p>\n<p>Dimensiones: 135 x 70 cm<br \/>\nPeso: 265 g<br \/>\nMaterial: 80% Poli\u00e9ster &#8211; 20% Poliamida<br \/>\nColor: Antracita con ribete naranja<\/p>\n","protected":false},"excerpt":{"rendered":"<p>Esta tela extra suave y agradable es muy absorbente, al igual que las dem\u00e1s Travel Towels de TravelSafe. Gracias a su microfibra,&hellip;<\/p>\n","protected":false},"featured_media":44246,"template":"","meta":{"_acf_changed":false},"product_brand":[],"product_cat":[2686,2893],"product_tag":[],"class_list":{"0":"post-45346","1":"product","2":"type-product","3":"status-publish","4":"has-post-thumbnail","6":"product_cat-4-esenciales-de-viaje","7":"product_cat-toallas-de-viaje-microfibra","9":"first","10":"instock","11":"purchasable","12":"product-type-simple"},"acf":[],"_links":{"self":[{"href":"https:\/\/travelsafe.nl\/es\/wp-json\/wp\/v2\/product\/45346","targetHints":{"allow":["GET"]}}],"collection":[{"href":"https:\/\/travelsafe.nl\/es\/wp-json\/wp\/v2\/product"}],"about":[{"href":"https:\/\/travelsafe.nl\/es\/wp-json\/wp\/v2\/types\/product"}],"wp:featuredmedia":[{"embeddable":true,"href":"https:\/\/travelsafe.nl\/es\/wp-json\/wp\/v2\/media\/44246"}],"wp:attachment":[{"href":"https:\/\/travelsafe.nl\/es\/wp-json\/wp\/v2\/media?parent=45346"}],"wp:term":[{"taxonomy":"product_brand","embeddable":true,"href":"https:\/\/travelsafe.nl\/es\/wp-json\/wp\/v2\/product_brand?post=45346"},{"taxonomy":"product_cat","embeddable":true,"href":"https:\/\/travelsafe.nl\/es\/wp-json\/wp\/v2\/product_cat?post=45346"},{"taxonomy":"product_tag","embeddable":true,"href":"https:\/\/travelsafe.nl\/es\/wp-json\/wp\/v2\/product_tag?post=45346"}],"curies":[{"name":"wp","href":"https:\/\/api.w.org\/{rel}","templated":true}]}}