{"id":45354,"date":"2019-06-10T23:02:56","date_gmt":"2019-06-10T23:02:56","guid":{"rendered":"https:\/\/travelsafe.nl\/assortiment\/uncategorized\/traveltowel-microfibre-l-85x150cm-groen\/"},"modified":"2023-07-11T12:19:23","modified_gmt":"2023-07-11T12:19:23","slug":"traveltowel-microfibre-l-85x150cm-groen","status":"publish","type":"product","link":"https:\/\/travelsafe.nl\/es\/assortiment\/4-esenciales-de-viaje\/toallas-de-viaje-microfibra\/traveltowel-microfibre-l-85x150cm-groen\/","title":{"rendered":"Toalla de microfibra L &#8211; Verde"},"content":{"rendered":"<p>La renovada toalla de microfibra Travel Towel est\u00e1 disponible en varias tallas y colores nuevos. Estas toallas de viaje son ideales para acampar, hacer senderismo y participar en todo tipo de actividades deportivas. Son s\u00faper absorbentes, ligeras y est\u00e1n hechas de fibras ultrafinas. Pueden absorber hasta 6 veces su peso en agua y tambi\u00e9n se secan muy r\u00e1pidamente. Debido a su r\u00e1pido secado, las bacterias tienen menos posibilidades de crecer. Las toallas vienen en un pr\u00e1ctico y compacto empaque y tienen un lazo de sujeci\u00f3n conveniente.<\/p>\n<p>Colores disponibles: azul, verde, morado, gris.<\/p>\n<p>Tallas disponibles: XS &#8211; 80&#215;40 cm \/ S &#8211; 60&#215;120 cm \/ M &#8211; 70&#215;135 cm \/ L &#8211; 85&#215;150 cm<\/p>\n<p>Las Travel Towels son ideales para acampar, hacer senderismo y participar en todo tipo de actividades deportivas. Son s\u00faper absorbentes, ligeras y est\u00e1n hechas de fibras ultrafinas. Pueden absorber hasta 6 veces su peso en agua. Su empaque es peque\u00f1o, son especialmente suaves, enormemente absorbentes y se secan r\u00e1pidamente.<\/p>\n<p>Dimensiones: 150 x 85 cm<br \/>\nPeso: 290 g<br \/>\nMaterial: 80% poli\u00e9ster &#8211; 20% poliamida<br \/>\nColor: Verde<\/p>\n","protected":false},"excerpt":{"rendered":"<p>La renovada toalla de microfibra Travel Towel est\u00e1 disponible en varias tallas y colores nuevos. Estas toallas de viaje son ideales para&hellip;<\/p>\n","protected":false},"featured_media":44268,"template":"","meta":{"_acf_changed":false},"product_brand":[],"product_cat":[2686,2893],"product_tag":[],"class_list":{"0":"post-45354","1":"product","2":"type-product","3":"status-publish","4":"has-post-thumbnail","6":"product_cat-4-esenciales-de-viaje","7":"product_cat-toallas-de-viaje-microfibra","9":"first","10":"instock","11":"purchasable","12":"product-type-simple"},"acf":[],"_links":{"self":[{"href":"https:\/\/travelsafe.nl\/es\/wp-json\/wp\/v2\/product\/45354","targetHints":{"allow":["GET"]}}],"collection":[{"href":"https:\/\/travelsafe.nl\/es\/wp-json\/wp\/v2\/product"}],"about":[{"href":"https:\/\/travelsafe.nl\/es\/wp-json\/wp\/v2\/types\/product"}],"wp:featuredmedia":[{"embeddable":true,"href":"https:\/\/travelsafe.nl\/es\/wp-json\/wp\/v2\/media\/44268"}],"wp:attachment":[{"href":"https:\/\/travelsafe.nl\/es\/wp-json\/wp\/v2\/media?parent=45354"}],"wp:term":[{"taxonomy":"product_brand","embeddable":true,"href":"https:\/\/travelsafe.nl\/es\/wp-json\/wp\/v2\/product_brand?post=45354"},{"taxonomy":"product_cat","embeddable":true,"href":"https:\/\/travelsafe.nl\/es\/wp-json\/wp\/v2\/product_cat?post=45354"},{"taxonomy":"product_tag","embeddable":true,"href":"https:\/\/travelsafe.nl\/es\/wp-json\/wp\/v2\/product_tag?post=45354"}],"curies":[{"name":"wp","href":"https:\/\/api.w.org\/{rel}","templated":true}]}}