{"id":45372,"date":"2019-06-10T23:02:23","date_gmt":"2019-06-10T23:02:23","guid":{"rendered":"https:\/\/travelsafe.nl\/assortiment\/uncategorized\/reishanddoek-mini-towel-small-40cm40cm-oranje-geel\/"},"modified":"2023-07-11T13:01:30","modified_gmt":"2023-07-11T13:01:30","slug":"reishanddoek-mini-towel-small-40cm40cm-oranje-geel","status":"publish","type":"product","link":"https:\/\/travelsafe.nl\/es\/assortiment\/4-esenciales-de-viaje\/toallas-de-viaje-microfibra\/reishanddoek-mini-towel-small-40cm40cm-oranje-geel\/","title":{"rendered":"Toalla mini de microfibra &#8211; Naranja\/amarillo"},"content":{"rendered":"<p>Esta mini toalla es ultraligera (clip incluido, 24 gramos) y compacta, e ideal para sujetarla a la mochila, los pantalones o la chaqueta durante diversos deportes al aire libre. Hecho de microfibras ultrafinas y, por lo tanto, extremadamente absorbente y de secado r\u00e1pido. Debido a que las toallas se secan r\u00e1pidamente, las bacterias tienen menos posibilidades de crecer.<\/p>\n<p>Tambi\u00e9n disponible en los colores azul y verde.<\/p>\n<p>Las toallas de viaje son ideales para acampar, hacer trekking y todas las dem\u00e1s actividades deportivas. S\u00faper absorbente, ligero y fabricado con fibras ultrafinas. Puede absorber hasta 6 veces su peso en agua. Envase peque\u00f1o, particularmente suave, extremadamente absorbente y de secado r\u00e1pido.<\/p>\n<p>Dimensiones: 40 x 40 cm<br \/>\nPeso: 24g<br \/>\nMaterial: 80% Poli\u00e9ster &#8211; 20% Poliamida<br \/>\nColor: naranja<\/p>\n","protected":false},"excerpt":{"rendered":"<p>Esta mini toalla es ultraligera (clip incluido, 24 gramos) y compacta, e ideal para sujetarla a la mochila, los pantalones o la&hellip;<\/p>\n","protected":false},"featured_media":44735,"template":"","meta":{"_acf_changed":false},"product_brand":[],"product_cat":[2686,2893],"product_tag":[],"class_list":{"0":"post-45372","1":"product","2":"type-product","3":"status-publish","4":"has-post-thumbnail","6":"product_cat-4-esenciales-de-viaje","7":"product_cat-toallas-de-viaje-microfibra","9":"first","10":"instock","11":"purchasable","12":"product-type-simple"},"acf":[],"_links":{"self":[{"href":"https:\/\/travelsafe.nl\/es\/wp-json\/wp\/v2\/product\/45372","targetHints":{"allow":["GET"]}}],"collection":[{"href":"https:\/\/travelsafe.nl\/es\/wp-json\/wp\/v2\/product"}],"about":[{"href":"https:\/\/travelsafe.nl\/es\/wp-json\/wp\/v2\/types\/product"}],"wp:featuredmedia":[{"embeddable":true,"href":"https:\/\/travelsafe.nl\/es\/wp-json\/wp\/v2\/media\/44735"}],"wp:attachment":[{"href":"https:\/\/travelsafe.nl\/es\/wp-json\/wp\/v2\/media?parent=45372"}],"wp:term":[{"taxonomy":"product_brand","embeddable":true,"href":"https:\/\/travelsafe.nl\/es\/wp-json\/wp\/v2\/product_brand?post=45372"},{"taxonomy":"product_cat","embeddable":true,"href":"https:\/\/travelsafe.nl\/es\/wp-json\/wp\/v2\/product_cat?post=45372"},{"taxonomy":"product_tag","embeddable":true,"href":"https:\/\/travelsafe.nl\/es\/wp-json\/wp\/v2\/product_tag?post=45372"}],"curies":[{"name":"wp","href":"https:\/\/api.w.org\/{rel}","templated":true}]}}