{"id":45379,"date":"2019-06-10T23:02:08","date_gmt":"2019-06-10T23:02:08","guid":{"rendered":"https:\/\/travelsafe.nl\/assortiment\/uncategorized\/travel-towel-mini-towel-small-40cm40cm-groen\/"},"modified":"2023-07-11T13:33:50","modified_gmt":"2023-07-11T13:33:50","slug":"travel-towel-mini-towel-small-40cm40cm-groen","status":"publish","type":"product","link":"https:\/\/travelsafe.nl\/es\/assortiment\/4-esenciales-de-viaje\/toallas-de-viaje-microfibra\/travel-towel-mini-towel-small-40cm40cm-groen\/","title":{"rendered":"Mini Toalla Microfibra \u2013 Verde"},"content":{"rendered":"<p>Esta Mini Toalla es ultraligera (incluyendo clip, 24 gramos) y compacta e ideal para sujetar a tu mochila, pantal\u00f3n o chaqueta durante varios deportes al aire libre. Est\u00e1 hecho de microfibras ultrafinas y, por lo tanto, es extremadamente absorbente y se seca r\u00e1pidamente. Debido a que las toallas se secan r\u00e1pidamente, las bacterias tienen menos posibilidades de crecer.<\/p>\n<p>Tambi\u00e9n disponible en los colores azul y naranja.<\/p>\n<p>Las toallas de viaje son ideales para acampar, hacer trekking y todas las dem\u00e1s actividades deportivas. S\u00faper absorbente, ligero y fabricado con fibras ultrafinas. Puede absorber hasta 6 veces su peso en agua. Envase peque\u00f1o, particularmente suave, extremadamente absorbente y de secado r\u00e1pido.<\/p>\n<p>Dimensiones: 40 x 40 cm<br \/>\nPeso: 24g<br \/>\nMaterial: 80% Poli\u00e9ster \u2013 20% Poliamida<br \/>\nColor: Verde<\/p>\n","protected":false},"excerpt":{"rendered":"<p>Esta Mini Toalla es ultraligera (incluyendo clip, 24 gramos) y compacta e ideal para sujetar a tu mochila, pantal\u00f3n o chaqueta durante&hellip;<\/p>\n","protected":false},"featured_media":44252,"template":"","meta":{"_acf_changed":false},"product_brand":[],"product_cat":[2686,2893],"product_tag":[],"class_list":{"0":"post-45379","1":"product","2":"type-product","3":"status-publish","4":"has-post-thumbnail","6":"product_cat-4-esenciales-de-viaje","7":"product_cat-toallas-de-viaje-microfibra","9":"first","10":"outofstock","11":"purchasable","12":"product-type-simple"},"acf":[],"_links":{"self":[{"href":"https:\/\/travelsafe.nl\/es\/wp-json\/wp\/v2\/product\/45379","targetHints":{"allow":["GET"]}}],"collection":[{"href":"https:\/\/travelsafe.nl\/es\/wp-json\/wp\/v2\/product"}],"about":[{"href":"https:\/\/travelsafe.nl\/es\/wp-json\/wp\/v2\/types\/product"}],"wp:featuredmedia":[{"embeddable":true,"href":"https:\/\/travelsafe.nl\/es\/wp-json\/wp\/v2\/media\/44252"}],"wp:attachment":[{"href":"https:\/\/travelsafe.nl\/es\/wp-json\/wp\/v2\/media?parent=45379"}],"wp:term":[{"taxonomy":"product_brand","embeddable":true,"href":"https:\/\/travelsafe.nl\/es\/wp-json\/wp\/v2\/product_brand?post=45379"},{"taxonomy":"product_cat","embeddable":true,"href":"https:\/\/travelsafe.nl\/es\/wp-json\/wp\/v2\/product_cat?post=45379"},{"taxonomy":"product_tag","embeddable":true,"href":"https:\/\/travelsafe.nl\/es\/wp-json\/wp\/v2\/product_tag?post=45379"}],"curies":[{"name":"wp","href":"https:\/\/api.w.org\/{rel}","templated":true}]}}