{"id":45382,"date":"2019-06-10T23:01:57","date_gmt":"2019-06-10T23:01:57","guid":{"rendered":"https:\/\/travelsafe.nl\/assortiment\/uncategorized\/opvouwbare-relax-stoel-york-licht-gewicht\/"},"modified":"2023-07-11T13:36:05","modified_gmt":"2023-07-11T13:36:05","slug":"opvouwbare-relax-stoel-york-licht-gewicht","status":"publish","type":"product","link":"https:\/\/travelsafe.nl\/es\/assortiment\/4-esenciales-de-viaje\/sillas-de-viaje\/opvouwbare-relax-stoel-york-licht-gewicht\/","title":{"rendered":"Sill\u00f3n relax plegable YORK &#8211; ligero"},"content":{"rendered":"<p>C\u00f3moda silla plegable con respaldo m\u00e1s alto para que pueda sentarse relajado con mucho apoyo en la espalda. El York es f\u00e1cil de montar y desmontar y se puede plegar en la pr\u00e1ctica bolsa de transporte. Hay piezas de malla en la parte posterior para una ventilaci\u00f3n adicional durante los d\u00edas calurosos. El York es ideal para usar cuando es esencial un peque\u00f1o volumen de embalaje, por ejemplo, durante las vacaciones con una mochila o una bicicleta.<\/p>\n<p>Dimensiones altura: 100\/40 cm &#8211; Zona de estar: 53 x 36 x 72 cm<br \/>\nDimensiones plegado: 47 x 14 x 8 cm<br \/>\nCapacidad de carga: \u00a0 \u00a0 \u00a0 \u00a0 \u00a0 \u00a0 \u00a0 \u00a0 \u00a0 \u00a0 100 kg<br \/>\nPeso: \u00a0 \u00a0 \u00a0 \u00a0 \u00a0 \u00a0 \u00a0 \u00a0 \u00a0 \u00a0 \u00a0 \u00a0 \u00a0 \u00a0 1400 g<br \/>\nMaterial: 100 % poli\u00e9ster, Oxford 600D, aluminio de calidad aeron\u00e1utica 7075<br \/>\nColor: Negro<\/p>\n","protected":false},"excerpt":{"rendered":"<p>C\u00f3moda silla plegable con respaldo m\u00e1s alto para que pueda sentarse relajado con mucho apoyo en la espalda. El York es f\u00e1cil&hellip;<\/p>\n","protected":false},"featured_media":43990,"template":"","meta":{"_acf_changed":false},"product_brand":[],"product_cat":[2686,2976],"product_tag":[],"class_list":{"0":"post-45382","1":"product","2":"type-product","3":"status-publish","4":"has-post-thumbnail","6":"product_cat-4-esenciales-de-viaje","7":"product_cat-sillas-de-viaje","9":"first","10":"instock","11":"purchasable","12":"product-type-simple"},"acf":[],"_links":{"self":[{"href":"https:\/\/travelsafe.nl\/es\/wp-json\/wp\/v2\/product\/45382","targetHints":{"allow":["GET"]}}],"collection":[{"href":"https:\/\/travelsafe.nl\/es\/wp-json\/wp\/v2\/product"}],"about":[{"href":"https:\/\/travelsafe.nl\/es\/wp-json\/wp\/v2\/types\/product"}],"wp:featuredmedia":[{"embeddable":true,"href":"https:\/\/travelsafe.nl\/es\/wp-json\/wp\/v2\/media\/43990"}],"wp:attachment":[{"href":"https:\/\/travelsafe.nl\/es\/wp-json\/wp\/v2\/media?parent=45382"}],"wp:term":[{"taxonomy":"product_brand","embeddable":true,"href":"https:\/\/travelsafe.nl\/es\/wp-json\/wp\/v2\/product_brand?post=45382"},{"taxonomy":"product_cat","embeddable":true,"href":"https:\/\/travelsafe.nl\/es\/wp-json\/wp\/v2\/product_cat?post=45382"},{"taxonomy":"product_tag","embeddable":true,"href":"https:\/\/travelsafe.nl\/es\/wp-json\/wp\/v2\/product_tag?post=45382"}],"curies":[{"name":"wp","href":"https:\/\/api.w.org\/{rel}","templated":true}]}}