{"id":45384,"date":"2019-06-10T23:01:36","date_gmt":"2019-06-10T23:01:36","guid":{"rendered":"https:\/\/travelsafe.nl\/assortiment\/uncategorized\/escape-55-ltr-zwart\/"},"modified":"2023-07-11T13:37:58","modified_gmt":"2023-07-11T13:37:58","slug":"escape-55-ltr-zwart","status":"publish","type":"product","link":"https:\/\/travelsafe.nl\/es\/assortiment\/4-esenciales-de-viaje\/bolsas-de-viaje\/mochilas\/escape-55-ltr-zwart\/","title":{"rendered":"Mochila Escape \u2013 55 litros"},"content":{"rendered":"<p>Mochila ideal para trekking o interrail fabricada en material resistente y duradero. Las correas de los hombros est\u00e1n forradas con malla 3-D y tienen forma de S, regulables en altura para que la bolsa se pueda adaptar a casi cualquier longitud de espalda. El cintur\u00f3n lumbar firmemente acolchado est\u00e1 forrado con malla tridimensional y ofrece una gran comodidad de uso. Lo que hace que esta mochila sea \u00fanica es el hecho de que puedes cargarla como una maleta. Col\u00f3quelo boca arriba y luego desabroche la cremallera en la parte delantera. \u00a1De esta manera nunca tendr\u00e1s que estropear toda tu mochila! El Escape tiene 2 bolsillos laterales con cremallera y 2 compartimentos con un fondo intermedio ajustable. La capucha es ajustable en altura y tiene un bolsillo para documentos &#8220;secreto&#8221;. Otros detalles: bolsillos extra con cremallera, protector de lluvia incorporado, preparaci\u00f3n de vejiga de agua, bolsillos de malla, correas de compresi\u00f3n para que el equipaje quede bien sujeto, etc. Tambi\u00e9n disponible en una versi\u00f3n m\u00e1s grande de 65 litros.<\/p>\n<p>TravelSafe se especializa en traer art\u00edculos funcionales livianos que hacen que el viajero se sienta lo m\u00e1s c\u00f3modo posible.<\/p>\n<p>Adem\u00e1s de los JFK Travelpacks livianos, TravelSafe presentar\u00e1 una serie de mochilas detalladas y mochilas para excursiones\/excursiones de un d\u00eda el pr\u00f3ximo a\u00f1o. Las mochilas est\u00e1n equipadas con muchos extras como fundas para la lluvia, ventilaci\u00f3n, sistema de espalda, muchos pr\u00e1cticos bolsillos con cremallera y preparaci\u00f3n para bolsas de agua. En definitiva, hay un modelo adecuado para cada destino. Por supuesto, las mochilas est\u00e1n hechas de los mejores materiales.<\/p>\n<p>Dimensiones: 70 x 38 x 30 cm<br \/>\nContenido:\u00a0 \u00a0 \u00a0 \u00a0 \u00a0 \u00b1 55 litros<br \/>\nPeso: 1900g<br \/>\nMaterial: 1000D\/PU cordura &#8211; 300D\/PU ripstop<br \/>\nColor: Negro<\/p>\n","protected":false},"excerpt":{"rendered":"<p>Mochila ideal para trekking o interrail fabricada en material resistente y duradero. Las correas de los hombros est\u00e1n forradas con malla 3-D&hellip;<\/p>\n","protected":false},"featured_media":43945,"template":"","meta":{"_acf_changed":false},"product_brand":[],"product_cat":[2686,2953,2969],"product_tag":[],"class_list":{"0":"post-45384","1":"product","2":"type-product","3":"status-publish","4":"has-post-thumbnail","6":"product_cat-4-esenciales-de-viaje","7":"product_cat-bolsas-de-viaje","8":"product_cat-mochilas","10":"first","11":"instock","12":"purchasable","13":"product-type-simple"},"acf":[],"_links":{"self":[{"href":"https:\/\/travelsafe.nl\/es\/wp-json\/wp\/v2\/product\/45384","targetHints":{"allow":["GET"]}}],"collection":[{"href":"https:\/\/travelsafe.nl\/es\/wp-json\/wp\/v2\/product"}],"about":[{"href":"https:\/\/travelsafe.nl\/es\/wp-json\/wp\/v2\/types\/product"}],"wp:featuredmedia":[{"embeddable":true,"href":"https:\/\/travelsafe.nl\/es\/wp-json\/wp\/v2\/media\/43945"}],"wp:attachment":[{"href":"https:\/\/travelsafe.nl\/es\/wp-json\/wp\/v2\/media?parent=45384"}],"wp:term":[{"taxonomy":"product_brand","embeddable":true,"href":"https:\/\/travelsafe.nl\/es\/wp-json\/wp\/v2\/product_brand?post=45384"},{"taxonomy":"product_cat","embeddable":true,"href":"https:\/\/travelsafe.nl\/es\/wp-json\/wp\/v2\/product_cat?post=45384"},{"taxonomy":"product_tag","embeddable":true,"href":"https:\/\/travelsafe.nl\/es\/wp-json\/wp\/v2\/product_tag?post=45384"}],"curies":[{"name":"wp","href":"https:\/\/api.w.org\/{rel}","templated":true}]}}