{"id":45389,"date":"2019-06-10T23:01:36","date_gmt":"2019-06-10T23:01:36","guid":{"rendered":"https:\/\/travelsafe.nl\/assortiment\/uncategorized\/opvouwbare-reisstoel-calais-licht-gewicht\/"},"modified":"2023-07-11T13:47:17","modified_gmt":"2023-07-11T13:47:17","slug":"opvouwbare-reisstoel-calais-licht-gewicht","status":"publish","type":"product","link":"https:\/\/travelsafe.nl\/es\/assortiment\/4-esenciales-de-viaje\/sillas-de-viaje\/opvouwbare-reisstoel-calais-licht-gewicht\/","title":{"rendered":"Silla de viaje plegable CALAIS &#8211; ligera"},"content":{"rendered":"<p>Silla plegable ligera con tama\u00f1o de paquete peque\u00f1o. Estable y c\u00f3modo. Cabe en cualquier mochila o alforja. La parte trasera tiene 2 bolsillos de malla para ventilaci\u00f3n. F\u00e1cil y r\u00e1pido de configurar. incluido pr\u00e1ctico malet\u00edn de transporte.<\/p>\n<p>Dimensiones alto:\u00a0\u00a0\u00a0\u00a0\u00a0\u00a0\u00a0 \u00a0\u00a0\u00a064\/35 cm \u2013 Asiento: 49 x 25 x 40 cm<br \/>\nDimensiones plegado: 44 x 7 x 11 cm<br \/>\nCapacidad de carga:\u00a0 \u00a0 \u00a0 \u00a0 \u00a0 \u00a0 \u00a0 \u00a0 \u00a0 \u00a0 \u00a0 100 kg<br \/>\nPeso:\u00a0 \u00a0 \u00a0 \u00a0 \u00a0 \u00a0 \u00a0 \u00a0 \u00a0 \u00a0 \u00a0 \u00a0 \u00a0 \u00a0 995 g<br \/>\nMaterial: 100 % poli\u00e9ster, Oxford 600D, aluminio de calidad aeron\u00e1utica 7075<br \/>\nColor: Negro<\/p>\n","protected":false},"excerpt":{"rendered":"<p>Silla plegable ligera con tama\u00f1o de paquete peque\u00f1o. Estable y c\u00f3modo. Cabe en cualquier mochila o alforja. La parte trasera tiene 2&hellip;<\/p>\n","protected":false},"featured_media":43976,"template":"","meta":{"_acf_changed":false},"product_brand":[],"product_cat":[2686,2976],"product_tag":[],"class_list":{"0":"post-45389","1":"product","2":"type-product","3":"status-publish","4":"has-post-thumbnail","6":"product_cat-4-esenciales-de-viaje","7":"product_cat-sillas-de-viaje","9":"first","10":"instock","11":"purchasable","12":"product-type-simple"},"acf":[],"_links":{"self":[{"href":"https:\/\/travelsafe.nl\/es\/wp-json\/wp\/v2\/product\/45389","targetHints":{"allow":["GET"]}}],"collection":[{"href":"https:\/\/travelsafe.nl\/es\/wp-json\/wp\/v2\/product"}],"about":[{"href":"https:\/\/travelsafe.nl\/es\/wp-json\/wp\/v2\/types\/product"}],"wp:featuredmedia":[{"embeddable":true,"href":"https:\/\/travelsafe.nl\/es\/wp-json\/wp\/v2\/media\/43976"}],"wp:attachment":[{"href":"https:\/\/travelsafe.nl\/es\/wp-json\/wp\/v2\/media?parent=45389"}],"wp:term":[{"taxonomy":"product_brand","embeddable":true,"href":"https:\/\/travelsafe.nl\/es\/wp-json\/wp\/v2\/product_brand?post=45389"},{"taxonomy":"product_cat","embeddable":true,"href":"https:\/\/travelsafe.nl\/es\/wp-json\/wp\/v2\/product_cat?post=45389"},{"taxonomy":"product_tag","embeddable":true,"href":"https:\/\/travelsafe.nl\/es\/wp-json\/wp\/v2\/product_tag?post=45389"}],"curies":[{"name":"wp","href":"https:\/\/api.w.org\/{rel}","templated":true}]}}