{"id":45397,"date":"2019-06-10T23:01:29","date_gmt":"2019-06-10T23:01:29","guid":{"rendered":"https:\/\/travelsafe.nl\/assortiment\/uncategorized\/dagtourrugzak-greyhound-ventilatie-rugpand-antraciet-grijs\/"},"modified":"2023-07-11T14:04:59","modified_gmt":"2023-07-11T14:04:59","slug":"dagtourrugzak-greyhound-ventilatie-rugpand-antraciet-grijs","status":"publish","type":"product","link":"https:\/\/travelsafe.nl\/es\/assortiment\/4-esenciales-de-viaje\/bolsas-de-viaje\/mochilas\/dagtourrugzak-greyhound-ventilatie-rugpand-antraciet-grijs\/","title":{"rendered":"Mochila Greyhound Day Tour &#8211; 27 litros &#8211; Gris"},"content":{"rendered":"<p>La mochila Day Tour es adecuada para viajes de monta\u00f1a y viajes m\u00e1s largos por la ciudad. La mochila tiene el equilibrio perfecto entre el volumen de embalaje y la comodidad. El compartimento principal ofrece suficiente espacio para todos sus art\u00edculos de viaje y los bolsillos adicionales con cremallera son perfectos para guardar documentos. El panel trasero est\u00e1 equipado con una red de malla para una ventilaci\u00f3n \u00f3ptima y para evitar que se moje la espalda. El cintur\u00f3n de hombro y cadera en forma de S est\u00e1 hecho de espuma de aire y proporciona una buena ventilaci\u00f3n. Los bolsillos del cintur\u00f3n de cadera son ideales para guardar dinero o una c\u00e1mara. Detalles: cremalleras impermeables, protector de lluvia incorporado, bolsillos de malla, correas de compresi\u00f3n, preparaci\u00f3n para una bolsa de hidrataci\u00f3n. Tambi\u00e9n disponible en color Antracita\/Negro (TS2216.0401).<\/p>\n<p>TravelSafe se especializa en traer art\u00edculos funcionales livianos que hacen que el viajero se sienta lo m\u00e1s c\u00f3modo posible.<\/p>\n<p>Adem\u00e1s de los JFK Travelpacks livianos, TravelSafe presentar\u00e1 una serie de mochilas detalladas y mochilas para excursiones\/excursiones de un d\u00eda el pr\u00f3ximo a\u00f1o. Las mochilas est\u00e1n equipadas con muchos extras como fundas para la lluvia, ventilaci\u00f3n, sistema de espalda, muchos pr\u00e1cticos bolsillos con cremallera y preparaci\u00f3n para bolsas de agua. En definitiva, hay un modelo adecuado para cada destino. Por supuesto, las mochilas est\u00e1n hechas de los mejores materiales.<\/p>\n<p>Dimensiones: 52 x 22 x 18 cm<br \/>\nContenido:\u00a0 \u00a0 \u00a0 \u00a0 \u00a0 \u00b1 27 litros<br \/>\nPeso: 850g<br \/>\nMaterial: 600D &#8211; Bal\u00edstico &#8211; Poli\u00e9ster antidesgarro 420D<br \/>\nColor:\u00a0 \u00a0 \u00a0 \u00a0 \u00a0 \u00a0 \u00a0Antracita\/Negro<\/p>\n","protected":false},"excerpt":{"rendered":"<p>La mochila Day Tour es adecuada para viajes de monta\u00f1a y viajes m\u00e1s largos por la ciudad. La mochila tiene el equilibrio&hellip;<\/p>\n","protected":false},"featured_media":43941,"template":"","meta":{"_acf_changed":false},"product_brand":[],"product_cat":[2686,2953,2969],"product_tag":[],"class_list":{"0":"post-45397","1":"product","2":"type-product","3":"status-publish","4":"has-post-thumbnail","6":"product_cat-4-esenciales-de-viaje","7":"product_cat-bolsas-de-viaje","8":"product_cat-mochilas","10":"first","11":"outofstock","12":"purchasable","13":"product-type-simple"},"acf":[],"_links":{"self":[{"href":"https:\/\/travelsafe.nl\/es\/wp-json\/wp\/v2\/product\/45397","targetHints":{"allow":["GET"]}}],"collection":[{"href":"https:\/\/travelsafe.nl\/es\/wp-json\/wp\/v2\/product"}],"about":[{"href":"https:\/\/travelsafe.nl\/es\/wp-json\/wp\/v2\/types\/product"}],"wp:featuredmedia":[{"embeddable":true,"href":"https:\/\/travelsafe.nl\/es\/wp-json\/wp\/v2\/media\/43941"}],"wp:attachment":[{"href":"https:\/\/travelsafe.nl\/es\/wp-json\/wp\/v2\/media?parent=45397"}],"wp:term":[{"taxonomy":"product_brand","embeddable":true,"href":"https:\/\/travelsafe.nl\/es\/wp-json\/wp\/v2\/product_brand?post=45397"},{"taxonomy":"product_cat","embeddable":true,"href":"https:\/\/travelsafe.nl\/es\/wp-json\/wp\/v2\/product_cat?post=45397"},{"taxonomy":"product_tag","embeddable":true,"href":"https:\/\/travelsafe.nl\/es\/wp-json\/wp\/v2\/product_tag?post=45397"}],"curies":[{"name":"wp","href":"https:\/\/api.w.org\/{rel}","templated":true}]}}