{"id":45399,"date":"2019-06-10T23:01:24","date_gmt":"2019-06-10T23:01:24","guid":{"rendered":"https:\/\/travelsafe.nl\/assortiment\/uncategorized\/dagtour-rugzak-tour-22-ventilatie-rug-zwart\/"},"modified":"2023-07-11T14:08:16","modified_gmt":"2023-07-11T14:08:16","slug":"dagtour-rugzak-tour-22-ventilatie-rug-zwart","status":"publish","type":"product","link":"https:\/\/travelsafe.nl\/es\/assortiment\/4-esenciales-de-viaje\/bolsas-de-viaje\/mochilas\/dagtour-rugzak-tour-22-ventilatie-rug-zwart\/","title":{"rendered":"Mochila Tour &#8211; 22 litros"},"content":{"rendered":"<p>Mochila ideal touring con muchos detalles. Esta mochila es ideal para viajes de monta\u00f1a o viajes m\u00e1s largos a la ciudad. El Tour tiene 2 compartimentos con un piso intermedio ajustable. El panel trasero est\u00e1 equipado con una red de malla especial para una ventilaci\u00f3n \u00f3ptima y para evitar que se moje la espalda. Las correas de los hombros est\u00e1n hechas de un material de espuma abierta y el cintur\u00f3n especial de la cadera ofrece mucha comodidad durante los viajes m\u00e1s largos. Otros detalles: protector de lluvia incorporado, bolsillos de malla, bolsillo grande con cremallera en la parte delantera, bolsillo con cremallera en la capucha. Tambi\u00e9n disponible en una versi\u00f3n de 28 litros.<\/p>\n<p>TravelSafe se especializa en traer art\u00edculos funcionales livianos que hacen que el viajero se sienta lo m\u00e1s c\u00f3modo posible.<\/p>\n<p>Adem\u00e1s de los JFK Travelpacks livianos, TravelSafe presentar\u00e1 una serie de mochilas detalladas y mochilas para excursiones\/excursiones de un d\u00eda el pr\u00f3ximo a\u00f1o. Las mochilas est\u00e1n equipadas con muchos extras como fundas para la lluvia, ventilaci\u00f3n, sistema de espalda, muchos pr\u00e1cticos bolsillos con cremallera y preparaci\u00f3n para bolsas de agua. En definitiva, hay un modelo adecuado para cada destino. Por supuesto, las mochilas est\u00e1n hechas de los mejores materiales.<\/p>\n<p>Dimensiones: 53 x 22 x 16 cm<br \/>\nContenido:\u00a0 \u00a0 \u00a0 \u00a0 \u00a0 \u00b1 22 litros<br \/>\nPeso: 1050g<br \/>\nMaterial: ripstop de doble l\u00ednea 1000D\/PU &#8211; poli\u00e9ster 190T<br \/>\nColor: Negro<\/p>\n","protected":false},"excerpt":{"rendered":"<p>Mochila ideal touring con muchos detalles. Esta mochila es ideal para viajes de monta\u00f1a o viajes m\u00e1s largos a la ciudad. El&hellip;<\/p>\n","protected":false},"featured_media":43919,"template":"","meta":{"_acf_changed":false},"product_brand":[],"product_cat":[2686,2953,2969],"product_tag":[],"class_list":{"0":"post-45399","1":"product","2":"type-product","3":"status-publish","4":"has-post-thumbnail","6":"product_cat-4-esenciales-de-viaje","7":"product_cat-bolsas-de-viaje","8":"product_cat-mochilas","10":"first","11":"instock","12":"purchasable","13":"product-type-simple"},"acf":[],"_links":{"self":[{"href":"https:\/\/travelsafe.nl\/es\/wp-json\/wp\/v2\/product\/45399","targetHints":{"allow":["GET"]}}],"collection":[{"href":"https:\/\/travelsafe.nl\/es\/wp-json\/wp\/v2\/product"}],"about":[{"href":"https:\/\/travelsafe.nl\/es\/wp-json\/wp\/v2\/types\/product"}],"wp:featuredmedia":[{"embeddable":true,"href":"https:\/\/travelsafe.nl\/es\/wp-json\/wp\/v2\/media\/43919"}],"wp:attachment":[{"href":"https:\/\/travelsafe.nl\/es\/wp-json\/wp\/v2\/media?parent=45399"}],"wp:term":[{"taxonomy":"product_brand","embeddable":true,"href":"https:\/\/travelsafe.nl\/es\/wp-json\/wp\/v2\/product_brand?post=45399"},{"taxonomy":"product_cat","embeddable":true,"href":"https:\/\/travelsafe.nl\/es\/wp-json\/wp\/v2\/product_cat?post=45399"},{"taxonomy":"product_tag","embeddable":true,"href":"https:\/\/travelsafe.nl\/es\/wp-json\/wp\/v2\/product_tag?post=45399"}],"curies":[{"name":"wp","href":"https:\/\/api.w.org\/{rel}","templated":true}]}}