{"id":45408,"date":"2019-06-10T23:00:50","date_gmt":"2019-06-10T23:00:50","guid":{"rendered":"https:\/\/travelsafe.nl\/assortiment\/uncategorized\/regenponcho-met-rugzakuitbouw-l-xl-olijf-groen\/"},"modified":"2023-07-11T14:16:19","modified_gmt":"2023-07-11T14:16:19","slug":"regenponcho-met-rugzakuitbouw-l-xl-olijf-groen","status":"publish","type":"product","link":"https:\/\/travelsafe.nl\/es\/assortiment\/4-esenciales-de-viaje\/ponchos-de-lluvia\/regenponcho-met-rugzakuitbouw-l-xl-olijf-groen\/","title":{"rendered":"Poncho con extensi\u00f3n mochila &#8211; L\/XL &#8211; Verde oliva"},"content":{"rendered":"<p>Poncho especial para mochileros. Confeccionado en 100% poli\u00e9ster con costuras selladas impermeables y el\u00e1stico en las mangas. El poncho est\u00e1 equipado con una extensi\u00f3n de cremallera espec\u00edfica para la mochila, pero, por supuesto, tambi\u00e9n se puede usar sin mochila. Ideal para ciclismo y largas caminatas.<\/p>\n<p>Disponible en tallas S-M o L-XL y en los colores Navy y Olive Green.<\/p>\n<p>Dimensiones: L\/XL<br \/>\nPeso: 350g<br \/>\nMaterial: Poli\u00e9ster<br \/>\nColor: Verde oliva<\/p>\n","protected":false},"excerpt":{"rendered":"<p>Poncho especial para mochileros. Confeccionado en 100% poli\u00e9ster con costuras selladas impermeables y el\u00e1stico en las mangas. El poncho est\u00e1 equipado con&hellip;<\/p>\n","protected":false},"featured_media":43869,"template":"","meta":{"_acf_changed":false},"product_brand":[],"product_cat":[2686,2947],"product_tag":[],"class_list":{"0":"post-45408","1":"product","2":"type-product","3":"status-publish","4":"has-post-thumbnail","6":"product_cat-4-esenciales-de-viaje","7":"product_cat-ponchos-de-lluvia","9":"first","10":"instock","11":"purchasable","12":"product-type-simple"},"acf":[],"_links":{"self":[{"href":"https:\/\/travelsafe.nl\/es\/wp-json\/wp\/v2\/product\/45408","targetHints":{"allow":["GET"]}}],"collection":[{"href":"https:\/\/travelsafe.nl\/es\/wp-json\/wp\/v2\/product"}],"about":[{"href":"https:\/\/travelsafe.nl\/es\/wp-json\/wp\/v2\/types\/product"}],"wp:featuredmedia":[{"embeddable":true,"href":"https:\/\/travelsafe.nl\/es\/wp-json\/wp\/v2\/media\/43869"}],"wp:attachment":[{"href":"https:\/\/travelsafe.nl\/es\/wp-json\/wp\/v2\/media?parent=45408"}],"wp:term":[{"taxonomy":"product_brand","embeddable":true,"href":"https:\/\/travelsafe.nl\/es\/wp-json\/wp\/v2\/product_brand?post=45408"},{"taxonomy":"product_cat","embeddable":true,"href":"https:\/\/travelsafe.nl\/es\/wp-json\/wp\/v2\/product_cat?post=45408"},{"taxonomy":"product_tag","embeddable":true,"href":"https:\/\/travelsafe.nl\/es\/wp-json\/wp\/v2\/product_tag?post=45408"}],"curies":[{"name":"wp","href":"https:\/\/api.w.org\/{rel}","templated":true}]}}