{"id":45412,"date":"2019-06-10T23:01:02","date_gmt":"2019-06-10T23:01:02","guid":{"rendered":"https:\/\/travelsafe.nl\/assortiment\/uncategorized\/featherlite-raincover-large-55-ltr\/"},"modified":"2023-07-11T14:19:37","modified_gmt":"2023-07-11T14:19:37","slug":"featherlite-raincover-large-55-ltr","status":"publish","type":"product","link":"https:\/\/travelsafe.nl\/es\/assortiment\/4-esenciales-de-viaje\/bolsas-de-viaje\/transporte-cubiertas-de-lluvia\/featherlite-raincover-large-55-ltr\/","title":{"rendered":"Protector de lluvia Featherlite \u2013 Grande \u2013 >55 litros"},"content":{"rendered":"<p>Esta cubierta de lluvia ultraligera ofrece una protecci\u00f3n \u00f3ptima para su mochila contra la lluvia. La cubierta para la lluvia TravelSafe est\u00e1 hecha de Cordura liviano de alta calidad, material recubierto de silicona; resistente al agua y muy peque\u00f1o en los rollos.<\/p>\n<p>Tambi\u00e9n disponible en tallas S (15-30 litros) y M (30-55 litros).<\/p>\n<p>TravelSafe ofrece una amplia colecci\u00f3n de fundas protectoras como fundas de transporte, fundas combinadas, fundas para la lluvia y ponchos. Art\u00edculos esenciales para cada aventura.<\/p>\n<p>Contenido:\u00a0 \u00a0 \u00a0&gt;55 litros<br \/>\nPeso: 130g<br \/>\nMaterial: Cordura<br \/>\nColor: \u00a0 \u00a0 \u00a0 Azul celeste<\/p>\n","protected":false},"excerpt":{"rendered":"<p>Esta cubierta de lluvia ultraligera ofrece una protecci\u00f3n \u00f3ptima para su mochila contra la lluvia. La cubierta para la lluvia TravelSafe est\u00e1&hellip;<\/p>\n","protected":false},"featured_media":43884,"template":"","meta":{"_acf_changed":false},"product_brand":[],"product_cat":[2686,2953,2970],"product_tag":[],"class_list":{"0":"post-45412","1":"product","2":"type-product","3":"status-publish","4":"has-post-thumbnail","6":"product_cat-4-esenciales-de-viaje","7":"product_cat-bolsas-de-viaje","8":"product_cat-transporte-cubiertas-de-lluvia","10":"first","11":"onbackorder","12":"purchasable","13":"product-type-simple"},"acf":[],"_links":{"self":[{"href":"https:\/\/travelsafe.nl\/es\/wp-json\/wp\/v2\/product\/45412","targetHints":{"allow":["GET"]}}],"collection":[{"href":"https:\/\/travelsafe.nl\/es\/wp-json\/wp\/v2\/product"}],"about":[{"href":"https:\/\/travelsafe.nl\/es\/wp-json\/wp\/v2\/types\/product"}],"wp:featuredmedia":[{"embeddable":true,"href":"https:\/\/travelsafe.nl\/es\/wp-json\/wp\/v2\/media\/43884"}],"wp:attachment":[{"href":"https:\/\/travelsafe.nl\/es\/wp-json\/wp\/v2\/media?parent=45412"}],"wp:term":[{"taxonomy":"product_brand","embeddable":true,"href":"https:\/\/travelsafe.nl\/es\/wp-json\/wp\/v2\/product_brand?post=45412"},{"taxonomy":"product_cat","embeddable":true,"href":"https:\/\/travelsafe.nl\/es\/wp-json\/wp\/v2\/product_cat?post=45412"},{"taxonomy":"product_tag","embeddable":true,"href":"https:\/\/travelsafe.nl\/es\/wp-json\/wp\/v2\/product_tag?post=45412"}],"curies":[{"name":"wp","href":"https:\/\/api.w.org\/{rel}","templated":true}]}}