{"id":45418,"date":"2019-06-10T23:01:12","date_gmt":"2019-06-10T23:01:12","guid":{"rendered":"https:\/\/travelsafe.nl\/assortiment\/uncategorized\/travel-bag-jfk20-40-liter-cabin-size\/"},"modified":"2023-07-11T14:37:18","modified_gmt":"2023-07-11T14:37:18","slug":"travel-bag-jfk20-40-liter-cabin-size","status":"publish","type":"product","link":"https:\/\/travelsafe.nl\/es\/assortiment\/4-esenciales-de-viaje\/bolsas-de-viaje\/bolsas-trolley\/travel-bag-jfk20-40-liter-cabin-size\/","title":{"rendered":"Bolsa de viaje JFK20 &#8211; 40 litros &#8211; Equipaje de mano"},"content":{"rendered":"<p>Una bolsa de viaje para el viajero exigente. Este trolley es adecuado como equipaje de mano y ha sido trabajado al detalle y fabricado con los mejores materiales. El carro tiene 2 compartimentos. El acceso a estos compartimentos se puede bloquear mediante el candado TSA suministrado, que ahora es obligatorio para EE. UU. y Canad\u00e1. El compartimento principal est\u00e1 equipado con correas de equipaje anchas con bolsillos de malla, que aseguran que el contenido de este compartimento permanezca en su lugar. El compartimento peque\u00f1o es ideal para guardar art\u00edculos m\u00e1s peque\u00f1os y tambi\u00e9n tiene un compartimento para documentos llamado &#8220;secreto&#8221;. El frente de la bolsa tiene 2 bolsillos adicionales con cremallera, ideales para guardar sus documentos de viaje, libros, revistas, peri\u00f3dicos y todo lo que necesita tener a mano durante su viaje.<\/p>\n<p>La bolsa tiene un sistema trolley de alta calidad con una barra extra\u00edble de aluminio y ruedas bien montadas.<\/p>\n<p>Dimensiones: 34 x 17 x 50 cm (adecuado como equipaje de mano)<br \/>\nContenido:\u00a0\u00a0\u00a0\u00a0\u00a0\u00a0\u00a0\u00a0\u00a0\u00b1 40 litros<br \/>\nPeso: 2250g<br \/>\nMaterial: Poliuretano perla 900D \u2013 Poliuretano 1680D<br \/>\nColor: Negro<\/p>\n","protected":false},"excerpt":{"rendered":"<p>Una bolsa de viaje para el viajero exigente. Este trolley es adecuado como equipaje de mano y ha sido trabajado al detalle&hellip;<\/p>\n","protected":false},"featured_media":43903,"template":"","meta":{"_acf_changed":false},"product_brand":[],"product_cat":[2686,2953,2971],"product_tag":[],"class_list":{"0":"post-45418","1":"product","2":"type-product","3":"status-publish","4":"has-post-thumbnail","6":"product_cat-4-esenciales-de-viaje","7":"product_cat-bolsas-de-viaje","8":"product_cat-bolsas-trolley","10":"first","11":"instock","12":"purchasable","13":"product-type-simple"},"acf":[],"_links":{"self":[{"href":"https:\/\/travelsafe.nl\/es\/wp-json\/wp\/v2\/product\/45418","targetHints":{"allow":["GET"]}}],"collection":[{"href":"https:\/\/travelsafe.nl\/es\/wp-json\/wp\/v2\/product"}],"about":[{"href":"https:\/\/travelsafe.nl\/es\/wp-json\/wp\/v2\/types\/product"}],"wp:featuredmedia":[{"embeddable":true,"href":"https:\/\/travelsafe.nl\/es\/wp-json\/wp\/v2\/media\/43903"}],"wp:attachment":[{"href":"https:\/\/travelsafe.nl\/es\/wp-json\/wp\/v2\/media?parent=45418"}],"wp:term":[{"taxonomy":"product_brand","embeddable":true,"href":"https:\/\/travelsafe.nl\/es\/wp-json\/wp\/v2\/product_brand?post=45418"},{"taxonomy":"product_cat","embeddable":true,"href":"https:\/\/travelsafe.nl\/es\/wp-json\/wp\/v2\/product_cat?post=45418"},{"taxonomy":"product_tag","embeddable":true,"href":"https:\/\/travelsafe.nl\/es\/wp-json\/wp\/v2\/product_tag?post=45418"}],"curies":[{"name":"wp","href":"https:\/\/api.w.org\/{rel}","templated":true}]}}