{"id":45422,"date":"2019-06-10T23:01:24","date_gmt":"2019-06-10T23:01:24","guid":{"rendered":"https:\/\/travelsafe.nl\/assortiment\/uncategorized\/summit-25-ltr-zwart\/"},"modified":"2023-07-11T14:40:40","modified_gmt":"2023-07-11T14:40:40","slug":"summit-25-ltr-zwart","status":"publish","type":"product","link":"https:\/\/travelsafe.nl\/es\/assortiment\/4-esenciales-de-viaje\/bolsas-de-viaje\/mochilas\/summit-25-ltr-zwart\/","title":{"rendered":"Mochila Summit Day Tour &#8211; 25 litros &#8211; Negro"},"content":{"rendered":"<p>Mochila espaciosa para excursiones de un d\u00eda, ideal para viajes por la ciudad o caminatas m\u00e1s largas. La mochila ofrece suficiente espacio para todo el equipaje necesario. La parte posterior del Summit est\u00e1 equipada con una red de malla especial para una ventilaci\u00f3n \u00f3ptima y para evitar que se moje la espalda. Las c\u00f3modas correas para los hombros, en combinaci\u00f3n con el cintur\u00f3n lumbar, ofrecen una perfecta comodidad de uso. Otros detalles: organizador con bolsillos (bol\u00edgrafos, tel\u00e9fono), bolsillos de malla, bolsillos extra con cremallera. Tambi\u00e9n disponible en color azul cielo (TS2211.0013).<\/p>\n<p>Adem\u00e1s de los JFK Travelpacks livianos, TravelSafe presentar\u00e1 una serie de mochilas detalladas y mochilas para excursiones\/excursiones de un d\u00eda el pr\u00f3ximo a\u00f1o. Las mochilas est\u00e1n equipadas con muchos extras como fundas para la lluvia, ventilaci\u00f3n, sistema de espalda, muchos pr\u00e1cticos bolsillos con cremallera y preparaci\u00f3n para bolsa de agua. En definitiva, hay un modelo adecuado para cada destino. Por supuesto, las mochilas est\u00e1n hechas de los mejores materiales.<\/p>\n<p>Dimensiones: 49 x 26 x 16 cm<br \/>\nContenido:\u00a0 \u00a0 \u00a0 \u00a0 \u00a0 \u00b1 25 litros<br \/>\nPeso: 750g<br \/>\nMaterial: poli\u00e9ster ripstop ligero 420D<br \/>\nColor: Negro<\/p>\n","protected":false},"excerpt":{"rendered":"<p>Mochila espaciosa para excursiones de un d\u00eda, ideal para viajes por la ciudad o caminatas m\u00e1s largas. La mochila ofrece suficiente espacio&hellip;<\/p>\n","protected":false},"featured_media":43926,"template":"","meta":{"_acf_changed":false},"product_brand":[],"product_cat":[2686,2953,2969],"product_tag":[],"class_list":{"0":"post-45422","1":"product","2":"type-product","3":"status-publish","4":"has-post-thumbnail","6":"product_cat-4-esenciales-de-viaje","7":"product_cat-bolsas-de-viaje","8":"product_cat-mochilas","10":"first","11":"instock","12":"purchasable","13":"product-type-simple"},"acf":[],"_links":{"self":[{"href":"https:\/\/travelsafe.nl\/es\/wp-json\/wp\/v2\/product\/45422","targetHints":{"allow":["GET"]}}],"collection":[{"href":"https:\/\/travelsafe.nl\/es\/wp-json\/wp\/v2\/product"}],"about":[{"href":"https:\/\/travelsafe.nl\/es\/wp-json\/wp\/v2\/types\/product"}],"wp:featuredmedia":[{"embeddable":true,"href":"https:\/\/travelsafe.nl\/es\/wp-json\/wp\/v2\/media\/43926"}],"wp:attachment":[{"href":"https:\/\/travelsafe.nl\/es\/wp-json\/wp\/v2\/media?parent=45422"}],"wp:term":[{"taxonomy":"product_brand","embeddable":true,"href":"https:\/\/travelsafe.nl\/es\/wp-json\/wp\/v2\/product_brand?post=45422"},{"taxonomy":"product_cat","embeddable":true,"href":"https:\/\/travelsafe.nl\/es\/wp-json\/wp\/v2\/product_cat?post=45422"},{"taxonomy":"product_tag","embeddable":true,"href":"https:\/\/travelsafe.nl\/es\/wp-json\/wp\/v2\/product_tag?post=45422"}],"curies":[{"name":"wp","href":"https:\/\/api.w.org\/{rel}","templated":true}]}}